{"id":5056,"date":"2022-12-30T10:18:15","date_gmt":"2022-12-30T09:18:15","guid":{"rendered":"https:\/\/scullys.eu\/shop\/non%20class\u00e9\/gardeners-gift-pack\/"},"modified":"2024-10-01T00:01:30","modified_gmt":"2024-09-30T22:01:30","slug":"gardeners-gift-pack","status":"publish","type":"product","link":"https:\/\/scullys.eu\/fr\/cadeaux\/cadeaux-pour-les-mains\/gardeners-gift-pack\/","title":{"rendered":"Gardener\u2019s Gift Pack"},"content":{"rendered":"","protected":false},"excerpt":{"rendered":"<p class=\"p1\">Le cadeau id\u00e9al pour tous les amateurs de jardinage et de toutes les activit\u00e9s et sports en plein air!<\/p>\n<p class=\"p1\">La combinaison de notre Gardener&rsquo;s soap et de la cr\u00e8me pour les mains pour nettoyer et hydrater les mains apr\u00e8s les moments de plaisir en plein air.<\/p>\n<p> Comprend une brosse \u00e0 ongles naturelle Scullys gratuite.<br \/>\nCe coffret cadeau contient :<br \/>\n<span class=\"s1\"><a href=\"https:\/\/scullys.eu\/shop\/hand-care\/lavender-hand-care\/gardeners-hand-cream-lavender\/\">Gardener\u2019s Hand Cream Lavender \u2013 130g<\/a><br \/>\n<\/span><span class=\"s1\"><a href=\"https:\/\/scullys.eu\/shop\/hand-care\/lavender-hand-care\/gardeners-moisturizing-soap-lavender-with-olive-oil\/\">Gardener\u2019s Moisturizing Soap \u2013 140g<\/a><br \/>\n<\/span><span class=\"s1\">Scullys Nail Brush natural wood and fibers<\/span><\/p>\n","protected":false},"featured_media":3180,"template":"","meta":{"_acf_changed":false,"_kad_blocks_custom_css":"","_kad_blocks_head_custom_js":"","_kad_blocks_body_custom_js":"","_kad_blocks_footer_custom_js":""},"product_brand":[],"product_cat":[570,487,488,490,492,495,547,555,498,548,499,501,503,586,515,508,511,559,590,593,528,529],"product_tag":[],"class_list":{"0":"post-5056","1":"product","2":"type-product","3":"status-publish","4":"has-post-thumbnail","6":"product_cat-cadeaux","7":"product_cat-cadeaux-pour-les-mains","8":"product_cat-cadeaux-pour-elle-et-pour-lui","9":"product_cat-lavande-cadeaux","10":"product_cat-homme-cadeaux","11":"product_cat-plein-air-cadeaux","12":"product_cat-soins-des-mains","13":"product_cat-du-jardinier-soins-des-mains","14":"product_cat-lavende-soins-des-mains","15":"product_cat-homme-soins-des-mains","16":"product_cat-cremes-hydratantes-soins-des-mains","17":"product_cat-en-plein-air-soins-des-mains","18":"product_cat-pain-de-savon-soins-des-mains","19":"product_cat-lavende","20":"product_cat-lavender-massage-23-fr","21":"product_cat-hydratants-a-la-lavande","22":"product_cat-pain-de-savon-a-la-lavande","23":"product_cat-homme","24":"product_cat-cremes-hydratantes-homme","25":"product_cat-pain-de-savon-homme","26":"product_cat-plein-air","27":"product_cat-lavende-plein-air","29":"first","30":"instock","31":"taxable","32":"shipping-taxable","33":"purchasable","34":"product-type-simple"},"bundled_by":[],"bundle_stock_status":"instock","bundle_stock_quantity":null,"bundle_virtual":false,"bundle_layout":"","bundle_add_to_cart_form_location":"","bundle_editable_in_cart":false,"bundle_sold_individually_context":"","bundle_item_grouping":"","bundle_min_size":"","bundle_max_size":"","bundled_items":[],"bundle_sell_ids":[],"acf":[],"taxonomy_info":{"product_cat":[{"value":570,"label":"Cadeaux"},{"value":487,"label":"Cadeaux pour les mains"},{"value":488,"label":"Cadeaux pour elle et pour lui"},{"value":490,"label":"Lavande"},{"value":492,"label":"Homme"},{"value":495,"label":"En Plein Air"},{"value":547,"label":"Mains"},{"value":555,"label":"du jardinier"},{"value":498,"label":"lavande"},{"value":548,"label":"Homme"},{"value":499,"label":"cr\u00e8mes hydratantes"},{"value":501,"label":"en plein air"},{"value":503,"label":"pain de savon"},{"value":586,"label":"Lavende"},{"value":515,"label":"Lavender massage [disabled]"},{"value":508,"label":"Hydratants \u00e0 la lavande"},{"value":511,"label":"Pain de savon \u00e0 la lavande"},{"value":559,"label":"Homme"},{"value":590,"label":"cr\u00e8mes hydratantes"},{"value":593,"label":"pain de savon"},{"value":528,"label":"En plein air"},{"value":529,"label":"lavende"}]},"featured_image_src_large":["https:\/\/scullys.eu\/wp-content\/uploads\/2022\/12\/gardeners-gift-box-1024x1024.png",1024,1024,true],"author_info":[],"comment_info":"","_links":{"self":[{"href":"https:\/\/scullys.eu\/fr\/wp-json\/wp\/v2\/product\/5056","targetHints":{"allow":["GET"]}}],"collection":[{"href":"https:\/\/scullys.eu\/fr\/wp-json\/wp\/v2\/product"}],"about":[{"href":"https:\/\/scullys.eu\/fr\/wp-json\/wp\/v2\/types\/product"}],"wp:featuredmedia":[{"embeddable":true,"href":"https:\/\/scullys.eu\/fr\/wp-json\/wp\/v2\/media\/3180"}],"wp:attachment":[{"href":"https:\/\/scullys.eu\/fr\/wp-json\/wp\/v2\/media?parent=5056"}],"wp:term":[{"taxonomy":"product_brand","embeddable":true,"href":"https:\/\/scullys.eu\/fr\/wp-json\/wp\/v2\/product_brand?post=5056"},{"taxonomy":"product_cat","embeddable":true,"href":"https:\/\/scullys.eu\/fr\/wp-json\/wp\/v2\/product_cat?post=5056"},{"taxonomy":"product_tag","embeddable":true,"href":"https:\/\/scullys.eu\/fr\/wp-json\/wp\/v2\/product_tag?post=5056"}],"curies":[{"name":"wp","href":"https:\/\/api.w.org\/{rel}","templated":true}]}}