{"id":5053,"date":"2022-12-30T10:30:33","date_gmt":"2022-12-30T09:30:33","guid":{"rendered":"https:\/\/scullys.eu\/shop\/non%20class\u00e9\/diamond-box-white-gardenia\/"},"modified":"2024-10-01T00:01:31","modified_gmt":"2024-09-30T22:01:31","slug":"diamond-box-white-gardenia","status":"publish","type":"product","link":"https:\/\/scullys.eu\/fr\/cadeaux\/cadeaux-pour-les-mains\/diamond-box-white-gardenia\/","title":{"rendered":"Coffret cadeau Diamant &#8211; Gardenia Blanc"},"content":{"rendered":"","protected":false},"excerpt":{"rendered":"<p class=\"p1\">Une bo\u00eete cadeau joliment emball\u00e9e, en forme de diamant, sp\u00e9cialement cr\u00e9\u00e9e pour les f\u00eates, un anniversaire ou toute autre occasion sp\u00e9ciale !<\/p>\n<p>Ce coffret cadeau contient :<br \/>\n<a href=\"https:\/\/scullys.eu\/shop\/hand-care\/classics-hand-care\/hand-cream-mini-tube-white-gardenia\/\"><span class=\"s1\">Hand Cream White Gardenia Mini Tube \u2013 30g<br \/>\n<\/span><\/a><a href=\"https:\/\/scullys.eu\/shop\/natural-healing\/natural-healing-natural-healing\/natural-healing-lip-balm\/\"><span class=\"s1\">Natural Healing Lip Balm with Vanilla \u2013 15g<br \/>\n<\/span><\/a><a href=\"https:\/\/scullys.eu\/shop\/hand-care\/soap-bar-hand-care\/glycerine-soap-white-gardenia\/\"><span class=\"s1\">Glycerine Soap White Gardenia \u2013 100g<\/span><\/a><\/p>\n","protected":false},"featured_media":3168,"template":"","meta":{"_acf_changed":false,"_kad_blocks_custom_css":"","_kad_blocks_head_custom_js":"","_kad_blocks_body_custom_js":"","_kad_blocks_footer_custom_js":""},"product_brand":[],"product_cat":[570,487,496,547,554,499,503,504,517,600],"product_tag":[],"class_list":{"0":"post-5053","1":"product","2":"type-product","3":"status-publish","4":"has-post-thumbnail","6":"product_cat-cadeaux","7":"product_cat-cadeaux-pour-les-mains","8":"product_cat-gardenia-blanc-cadeaux","9":"product_cat-soins-des-mains","10":"product_cat-classiques-soins-des-mains","11":"product_cat-cremes-hydratantes-soins-des-mains","12":"product_cat-pain-de-savon-soins-des-mains","13":"product_cat-gardenia-blanc-soins-des-mains","14":"product_cat-soins-des-levres","15":"product_cat-savons","17":"first","18":"instock","19":"taxable","20":"shipping-taxable","21":"purchasable","22":"product-type-simple"},"bundled_by":[],"bundle_stock_status":"instock","bundle_stock_quantity":null,"bundle_virtual":false,"bundle_layout":"","bundle_add_to_cart_form_location":"","bundle_editable_in_cart":false,"bundle_sold_individually_context":"","bundle_item_grouping":"","bundle_min_size":"","bundle_max_size":"","bundled_items":[],"bundle_sell_ids":[],"acf":[],"taxonomy_info":{"product_cat":[{"value":570,"label":"Cadeaux"},{"value":487,"label":"Cadeaux pour les mains"},{"value":496,"label":"Gardenia blanc"},{"value":547,"label":"Mains"},{"value":554,"label":"classiques"},{"value":499,"label":"cr\u00e8mes hydratantes"},{"value":503,"label":"pain de savon"},{"value":504,"label":"gard\u00e9nia blanc"},{"value":517,"label":"Soins des l\u00e8vres"},{"value":600,"label":"Savons"}]},"featured_image_src_large":["https:\/\/scullys.eu\/wp-content\/uploads\/2022\/12\/Diamond_Gardenia_White-scaled-1-1024x1024.png",1024,1024,true],"author_info":[],"comment_info":"","_links":{"self":[{"href":"https:\/\/scullys.eu\/fr\/wp-json\/wp\/v2\/product\/5053","targetHints":{"allow":["GET"]}}],"collection":[{"href":"https:\/\/scullys.eu\/fr\/wp-json\/wp\/v2\/product"}],"about":[{"href":"https:\/\/scullys.eu\/fr\/wp-json\/wp\/v2\/types\/product"}],"wp:featuredmedia":[{"embeddable":true,"href":"https:\/\/scullys.eu\/fr\/wp-json\/wp\/v2\/media\/3168"}],"wp:attachment":[{"href":"https:\/\/scullys.eu\/fr\/wp-json\/wp\/v2\/media?parent=5053"}],"wp:term":[{"taxonomy":"product_brand","embeddable":true,"href":"https:\/\/scullys.eu\/fr\/wp-json\/wp\/v2\/product_brand?post=5053"},{"taxonomy":"product_cat","embeddable":true,"href":"https:\/\/scullys.eu\/fr\/wp-json\/wp\/v2\/product_cat?post=5053"},{"taxonomy":"product_tag","embeddable":true,"href":"https:\/\/scullys.eu\/fr\/wp-json\/wp\/v2\/product_tag?post=5053"}],"curies":[{"name":"wp","href":"https:\/\/api.w.org\/{rel}","templated":true}]}}