{"id":5050,"date":"2022-12-30T10:44:54","date_gmt":"2022-12-30T09:44:54","guid":{"rendered":"https:\/\/scullys.eu\/shop\/non%20class\u00e9\/glycerin-mini-soaps-box\/"},"modified":"2024-10-01T00:01:32","modified_gmt":"2024-09-30T22:01:32","slug":"glycerin-mini-soaps-box","status":"publish","type":"product","link":"https:\/\/scullys.eu\/fr\/pivoine-rouge\/pain-de-savon-blush-peony\/glycerin-mini-soaps-box\/","title":{"rendered":"Coffret de mini-savons \u00e0 la glyc\u00e9rine"},"content":{"rendered":"<p>          <img loading=\"lazy\" decoding=\"async\" src=\"https:\/\/scullys.eu\/wp-content\/uploads\/2022\/12\/AD828D5C-D560-4019-AB5D-93D00643DF6E-scaled.jpeg-300x300.png\" alt=\"\" width=\"300\" height=\"300\" class=\"alignnone size-medium wp-image-3200\" srcset=\"https:\/\/scullys.eu\/wp-content\/uploads\/2022\/12\/AD828D5C-D560-4019-AB5D-93D00643DF6E-scaled.jpeg-300x300.png 300w, https:\/\/scullys.eu\/wp-content\/uploads\/2022\/12\/AD828D5C-D560-4019-AB5D-93D00643DF6E-scaled.jpeg-636x636.png 636w, https:\/\/scullys.eu\/wp-content\/uploads\/2022\/12\/AD828D5C-D560-4019-AB5D-93D00643DF6E-scaled.jpeg-100x100.png 100w, https:\/\/scullys.eu\/wp-content\/uploads\/2022\/12\/AD828D5C-D560-4019-AB5D-93D00643DF6E-scaled.jpeg-600x600.png 600w, https:\/\/scullys.eu\/wp-content\/uploads\/2022\/12\/AD828D5C-D560-4019-AB5D-93D00643DF6E-scaled.jpeg-64x64.png 64w, https:\/\/scullys.eu\/wp-content\/uploads\/2022\/12\/AD828D5C-D560-4019-AB5D-93D00643DF6E-scaled.jpeg-1024x1024.png 1024w, https:\/\/scullys.eu\/wp-content\/uploads\/2022\/12\/AD828D5C-D560-4019-AB5D-93D00643DF6E-scaled.jpeg-250x250.png 250w, https:\/\/scullys.eu\/wp-content\/uploads\/2022\/12\/AD828D5C-D560-4019-AB5D-93D00643DF6E-scaled.jpeg-768x768.png 768w, https:\/\/scullys.eu\/wp-content\/uploads\/2022\/12\/AD828D5C-D560-4019-AB5D-93D00643DF6E-scaled.jpeg-1536x1536.png 1536w, https:\/\/scullys.eu\/wp-content\/uploads\/2022\/12\/AD828D5C-D560-4019-AB5D-93D00643DF6E-scaled.jpeg-2048x2048.png 2048w, https:\/\/scullys.eu\/wp-content\/uploads\/2022\/12\/AD828D5C-D560-4019-AB5D-93D00643DF6E-scaled.jpeg-150x150.png 150w\" sizes=\"auto, (max-width: 300px) 100vw, 300px\" \/><\/p>\n","protected":false},"excerpt":{"rendered":"<p class=\"p1\">Cette coffret a \u00e9t\u00e9 sp\u00e9cialement cr\u00e9\u00e9 pour exp\u00e9rimenter et d\u00e9couvrir tous nos savons \u00e0 la glyc\u00e9rine Scullys et d\u00e9couvrir lequel est le pr\u00e9f\u00e9r\u00e9.<\/p>\n<p>Ce coffret cadeau contient :<br \/>\n<a href=\"https:\/\/scullys.eu\/shop\/hand-care\/soap-bar-hand-care\/glycerine-soap-lavender\/\">Glycerin Soap Lavender \u2013 25g<\/a><br \/>\n<a href=\"https:\/\/scullys.eu\/shop\/hand-care\/soap-bar-hand-care\/glycerine-soap-lemon-lavender\/\">Glycerin Soap Lemon &amp; Lavender \u2013 25g<\/a><br \/>\n<a href=\"https:\/\/scullys.eu\/shop\/hand-care\/soap-bar-hand-care\/glycerine-soap-blush-peony\/\">Glycerin Soap Blush Peony \u2013 25g<\/a><br \/>\n<a href=\"https:\/\/scullys.eu\/shop\/hand-care\/soap-bar-hand-care\/glycerine-soap-white-gardenia\/\">Glycerin Soap White Gardenia \u2013 25g<\/a><br \/>\n<a href=\"https:\/\/scullys.eu\/shop\/hand-care\/soap-bar-hand-care\/glycerine-soap-bulgarian-rose\/\">Glycerin Soap Bulgarian Rose \u2013 25g<\/a><\/p>\n","protected":false},"featured_media":3202,"template":"","meta":{"_acf_changed":false,"_kad_blocks_custom_css":"","_kad_blocks_head_custom_js":"","_kad_blocks_body_custom_js":"","_kad_blocks_footer_custom_js":""},"product_brand":[],"product_cat":[466,471,569,570,572,574,575,487,488,490,496,547,552,553,554,498,503,504,586,515,511,530,598,600],"product_tag":[],"class_list":{"0":"post-5050","1":"product","2":"type-product","3":"status-publish","4":"has-post-thumbnail","6":"product_cat-pivoine-rouge","7":"product_cat-pain-de-savon-blush-peony","8":"product_cat-pain-de-savon-gardenia","9":"product_cat-cadeaux","10":"product_cat-cadeaux-de-pivoines-rouges","11":"product_cat-rose-bulgare-cadeaux","12":"product_cat-classiques-cadeaux","13":"product_cat-cadeaux-pour-les-mains","14":"product_cat-cadeaux-pour-elle-et-pour-lui","15":"product_cat-lavande-cadeaux","16":"product_cat-gardenia-blanc-cadeaux","17":"product_cat-soins-des-mains","18":"product_cat-pivoine-blush-soins-des-mains","19":"product_cat-rose-bulgare-soins-des-mains","20":"product_cat-classiques-soins-des-mains","21":"product_cat-lavende-soins-des-mains","22":"product_cat-pain-de-savon-soins-des-mains","23":"product_cat-gardenia-blanc-soins-des-mains","24":"product_cat-lavende","25":"product_cat-lavender-massage-23-fr","26":"product_cat-pain-de-savon-a-la-lavande","27":"product_cat-rose-fr","28":"product_cat-savon-a-la-rose","29":"product_cat-savons","31":"first","32":"instock","33":"taxable","34":"shipping-taxable","35":"purchasable","36":"product-type-simple"},"bundled_by":[],"bundle_stock_status":"instock","bundle_stock_quantity":null,"bundle_virtual":false,"bundle_layout":"","bundle_add_to_cart_form_location":"","bundle_editable_in_cart":false,"bundle_sold_individually_context":"","bundle_item_grouping":"","bundle_min_size":"","bundle_max_size":"","bundled_items":[],"bundle_sell_ids":[],"acf":[],"taxonomy_info":{"product_cat":[{"value":466,"label":"Pivoine Rouge"},{"value":471,"label":"Savon Blush Peony"},{"value":569,"label":"Savon Gardenia"},{"value":570,"label":"Cadeaux"},{"value":572,"label":"pivoines rouges"},{"value":574,"label":"Rose bulgare"},{"value":575,"label":"Classiques"},{"value":487,"label":"Cadeaux pour les mains"},{"value":488,"label":"Cadeaux pour elle et pour lui"},{"value":490,"label":"Lavande"},{"value":496,"label":"Gardenia blanc"},{"value":547,"label":"Mains"},{"value":552,"label":"pivoine blush"},{"value":553,"label":"rose bulgare"},{"value":554,"label":"classiques"},{"value":498,"label":"lavande"},{"value":503,"label":"pain de savon"},{"value":504,"label":"gard\u00e9nia blanc"},{"value":586,"label":"Lavende"},{"value":515,"label":"Lavender massage [disabled]"},{"value":511,"label":"Pain de savon \u00e0 la lavande"},{"value":530,"label":"Rose"},{"value":598,"label":"Savon \u00e0 la rose"},{"value":600,"label":"Savons"}]},"featured_image_src_large":["https:\/\/scullys.eu\/wp-content\/uploads\/2022\/12\/AD828D5C-D560-4019-AB5D-93D00643DF6E-scaled.jpeg-1024x1024.png",1024,1024,true],"author_info":[],"comment_info":"","_links":{"self":[{"href":"https:\/\/scullys.eu\/fr\/wp-json\/wp\/v2\/product\/5050","targetHints":{"allow":["GET"]}}],"collection":[{"href":"https:\/\/scullys.eu\/fr\/wp-json\/wp\/v2\/product"}],"about":[{"href":"https:\/\/scullys.eu\/fr\/wp-json\/wp\/v2\/types\/product"}],"wp:featuredmedia":[{"embeddable":true,"href":"https:\/\/scullys.eu\/fr\/wp-json\/wp\/v2\/media\/3202"}],"wp:attachment":[{"href":"https:\/\/scullys.eu\/fr\/wp-json\/wp\/v2\/media?parent=5050"}],"wp:term":[{"taxonomy":"product_brand","embeddable":true,"href":"https:\/\/scullys.eu\/fr\/wp-json\/wp\/v2\/product_brand?post=5050"},{"taxonomy":"product_cat","embeddable":true,"href":"https:\/\/scullys.eu\/fr\/wp-json\/wp\/v2\/product_cat?post=5050"},{"taxonomy":"product_tag","embeddable":true,"href":"https:\/\/scullys.eu\/fr\/wp-json\/wp\/v2\/product_tag?post=5050"}],"curies":[{"name":"wp","href":"https:\/\/api.w.org\/{rel}","templated":true}]}}