{"id":5036,"date":"2022-12-30T11:25:23","date_gmt":"2022-12-30T10:25:23","guid":{"rendered":"https:\/\/scullys.eu\/shop\/non%20class\u00e9\/gift-box-for-him\/"},"modified":"2024-10-01T00:01:33","modified_gmt":"2024-09-30T22:01:33","slug":"gift-box-for-him-black-box","status":"publish","type":"product","link":"https:\/\/scullys.eu\/fr\/cadeaux\/cadeaux-corps\/gift-box-for-him-black-box\/","title":{"rendered":"Coffret cadeau Pour Lui"},"content":{"rendered":"","protected":false},"excerpt":{"rendered":"\n<p class=\"p1\">Notre s\u00e9lection de produits pour homme Scully&rsquo;s est id\u00e9ale pour un ami, un amant ou simplement pour se faire plaisir!<\/p>\n<p class=\"p1\">Comprend une brosse \u00e0 ongles naturelle Scullys offerte.<\/p>\n","protected":false},"featured_media":3198,"template":"","meta":{"_acf_changed":false,"_kad_blocks_custom_css":"","_kad_blocks_head_custom_js":"","_kad_blocks_body_custom_js":"","_kad_blocks_footer_custom_js":""},"product_brand":[],"product_cat":[570,573,488,492,547,548,500,502,503,587,589,590,591,592,593,600],"product_tag":[],"class_list":{"0":"post-5036","1":"product","2":"type-product","3":"status-publish","4":"has-post-thumbnail","6":"product_cat-cadeaux","7":"product_cat-cadeaux-corps","8":"product_cat-cadeaux-pour-elle-et-pour-lui","9":"product_cat-homme-cadeaux","10":"product_cat-soins-des-mains","11":"product_cat-homme-soins-des-mains","12":"product_cat-brosse-a-ongles-et-brosse-a-recurer-soins-des-mains","13":"product_cat-scrub-hand-care-fr","14":"product_cat-pain-de-savon-soins-des-mains","15":"product_cat-corps-fr","16":"product_cat-mains","17":"product_cat-cremes-hydratantes-homme","18":"product_cat-gommage-homme","19":"product_cat-douche-et-bain-homme","20":"product_cat-pain-de-savon-homme","21":"product_cat-savons","23":"first","24":"instock","25":"taxable","26":"shipping-taxable","27":"purchasable","28":"product-type-bundle"},"bundled_by":[],"bundle_stock_status":"instock","bundle_stock_quantity":99,"bundle_virtual":false,"bundle_layout":"default","bundle_add_to_cart_form_location":"default","bundle_editable_in_cart":false,"bundle_sold_individually_context":"product","bundle_item_grouping":"parent","bundle_min_size":"","bundle_max_size":"","bundled_items":[{"bundled_item_id":246,"product_id":5303,"menu_order":0,"quantity_min":1,"quantity_max":1,"quantity_default":1,"priced_individually":false,"shipped_individually":false,"override_title":false,"title":"Gel nettoyant douche pour homme &#8211; Laurier et \u00c9pices, Extraits de plantes et huiles essentielles","override_description":false,"description":"Gel nettoyant douche pour homme &#8211; Laurier et \u00c9pices, Extraits de plantes et huiles essentielles","optional":false,"hide_thumbnail":false,"discount":"","override_variations":false,"allowed_variations":[""],"override_default_variation_attributes":false,"default_variation_attributes":[],"single_product_visibility":"visible","cart_visibility":"visible","order_visibility":"visible","single_product_price_visibility":"visible","cart_price_visibility":"visible","order_price_visibility":"visible","stock_status":"in_stock"},{"bundled_item_id":247,"product_id":5282,"menu_order":1,"quantity_min":1,"quantity_max":1,"quantity_default":1,"priced_individually":false,"shipped_individually":false,"override_title":false,"title":"Baume Corporel hydratant pour homme &#8211; 100% Naturel avec Huiles Essentielles de Noix de Coco, Amande, Abricot et Laurier","override_description":false,"description":"Baume Corporel hydratant pour homme &#8211; 100% Naturel avec Huiles Essentielles de Noix de Coco, Amande, Abricot et Laurier","optional":false,"hide_thumbnail":false,"discount":"","override_variations":false,"allowed_variations":[""],"override_default_variation_attributes":false,"default_variation_attributes":[],"single_product_visibility":"visible","cart_visibility":"visible","order_visibility":"visible","single_product_price_visibility":"visible","cart_price_visibility":"visible","order_price_visibility":"visible","stock_status":"in_stock"},{"bundled_item_id":248,"product_id":5292,"menu_order":2,"quantity_min":1,"quantity_max":1,"quantity_default":1,"priced_individually":false,"shipped_individually":false,"override_title":false,"title":"Exfoliant Mains pour homme &#8211; 100% Naturel avec Fibre de Bois et Huiles Essentielles","override_description":false,"description":"Exfoliant Mains pour homme &#8211; 100% Naturel avec Fibre de Bois et Huiles Essentielles","optional":false,"hide_thumbnail":false,"discount":"","override_variations":false,"allowed_variations":[""],"override_default_variation_attributes":false,"default_variation_attributes":[],"single_product_visibility":"visible","cart_visibility":"visible","order_visibility":"visible","single_product_price_visibility":"visible","cart_price_visibility":"visible","order_price_visibility":"visible","stock_status":"in_stock"},{"bundled_item_id":249,"product_id":5260,"menu_order":3,"quantity_min":1,"quantity_max":1,"quantity_default":1,"priced_individually":false,"shipped_individually":false,"override_title":false,"title":"Savon exfoliant doux pour homme &#8211; Laurier et \u00c9pices","override_description":false,"description":"Savon exfoliant doux pour homme &#8211; Laurier et \u00c9pices","optional":false,"hide_thumbnail":false,"discount":"","override_variations":false,"allowed_variations":[""],"override_default_variation_attributes":false,"default_variation_attributes":[],"single_product_visibility":"visible","cart_visibility":"visible","order_visibility":"visible","single_product_price_visibility":"visible","cart_price_visibility":"visible","order_price_visibility":"visible","stock_status":"in_stock"},{"bundled_item_id":250,"product_id":5308,"menu_order":4,"quantity_min":1,"quantity_max":1,"quantity_default":1,"priced_individually":false,"shipped_individually":false,"override_title":false,"title":"Hydratant Visage pour homme au Th\u00e9 Vert","override_description":false,"description":"Hydratant Visage pour homme au Th\u00e9 Vert","optional":false,"hide_thumbnail":false,"discount":"","override_variations":false,"allowed_variations":[""],"override_default_variation_attributes":false,"default_variation_attributes":[],"single_product_visibility":"visible","cart_visibility":"visible","order_visibility":"visible","single_product_price_visibility":"visible","cart_price_visibility":"visible","order_price_visibility":"visible","stock_status":"in_stock"}],"bundle_sell_ids":[],"acf":[],"taxonomy_info":{"product_cat":[{"value":570,"label":"Cadeaux"},{"value":573,"label":"Corps"},{"value":488,"label":"Cadeaux pour elle et pour lui"},{"value":492,"label":"Homme"},{"value":547,"label":"Mains"},{"value":548,"label":"Homme"},{"value":500,"label":"brosse \u00e0 ongles et brosse \u00e0 r\u00e9curer"},{"value":502,"label":"scrub"},{"value":503,"label":"pain de savon"},{"value":587,"label":"Corps"},{"value":589,"label":"Mains"},{"value":590,"label":"cr\u00e8mes hydratantes"},{"value":591,"label":"gommage"},{"value":592,"label":"douche et bain"},{"value":593,"label":"pain de savon"},{"value":600,"label":"Savons"}]},"featured_image_src_large":["https:\/\/scullys.eu\/wp-content\/uploads\/2022\/12\/ForHim-1024x1024.png",1024,1024,true],"author_info":[],"comment_info":"","_links":{"self":[{"href":"https:\/\/scullys.eu\/fr\/wp-json\/wp\/v2\/product\/5036","targetHints":{"allow":["GET"]}}],"collection":[{"href":"https:\/\/scullys.eu\/fr\/wp-json\/wp\/v2\/product"}],"about":[{"href":"https:\/\/scullys.eu\/fr\/wp-json\/wp\/v2\/types\/product"}],"wp:featuredmedia":[{"embeddable":true,"href":"https:\/\/scullys.eu\/fr\/wp-json\/wp\/v2\/media\/3198"}],"wp:attachment":[{"href":"https:\/\/scullys.eu\/fr\/wp-json\/wp\/v2\/media?parent=5036"}],"wp:term":[{"taxonomy":"product_brand","embeddable":true,"href":"https:\/\/scullys.eu\/fr\/wp-json\/wp\/v2\/product_brand?post=5036"},{"taxonomy":"product_cat","embeddable":true,"href":"https:\/\/scullys.eu\/fr\/wp-json\/wp\/v2\/product_cat?post=5036"},{"taxonomy":"product_tag","embeddable":true,"href":"https:\/\/scullys.eu\/fr\/wp-json\/wp\/v2\/product_tag?post=5036"}],"curies":[{"name":"wp","href":"https:\/\/api.w.org\/{rel}","templated":true}]}}