{"id":5033,"date":"2022-12-30T12:31:01","date_gmt":"2022-12-30T11:31:01","guid":{"rendered":"https:\/\/scullys.eu\/shop\/non%20class\u00e9\/natural-healing-box\/"},"modified":"2024-10-01T00:01:33","modified_gmt":"2024-09-30T22:01:33","slug":"natural-healing-box-black-box","status":"publish","type":"product","link":"https:\/\/scullys.eu\/fr\/corps\/huile-essentielle-soins-du-corps\/natural-healing-box-black-box\/","title":{"rendered":"Coffret Traitements Naturels"},"content":{"rendered":"","protected":false},"excerpt":{"rendered":"\n<p class=\"p1\">Obtenir les meilleurs ingr\u00e9dients de la nature a \u00e9t\u00e9 notre mission depuis la cr\u00e9ation de Scullys.<\/p>\n<p class=\"p1\">Voici notre bo\u00eete sp\u00e9ciale de produits qui ont \u00e9t\u00e9 d\u00e9velopp\u00e9s en harmonie avec la nature pour une th\u00e9rapie naturelle.<\/p>\n<p class=\"p1\">Une solution id\u00e9ale dans chaque foyer. Avec un baume \u00e0 l\u00e8vres naturel offert.<\/p>\n","protected":false},"featured_media":3120,"template":"","meta":{"_acf_changed":false,"_kad_blocks_custom_css":"","_kad_blocks_head_custom_js":"","_kad_blocks_body_custom_js":"","_kad_blocks_footer_custom_js":""},"product_brand":[],"product_cat":[474,534,535,542,536,475,476,482,570,573,488,491,492,494,518,559,587,590,519,524,527],"product_tag":[],"class_list":{"0":"post-5033","1":"product","2":"type-product","3":"status-publish","4":"has-post-thumbnail","6":"product_cat-corps","7":"product_cat-huile-essentielle-soins-du-corps","8":"product_cat-cadeaux-soins-du-corps","9":"product_cat-massage-soins-corporels","10":"product_cat-homme-corps-bain","11":"product_cat-hydratants-soins-du-corps","12":"product_cat-soins-naturels-de-guerison-corps","13":"product_cat-huile-essentielle","14":"product_cat-cadeaux","15":"product_cat-cadeaux-corps","16":"product_cat-cadeaux-pour-elle-et-pour-lui","17":"product_cat-massage-cadeaux-fr","18":"product_cat-homme-cadeaux","19":"product_cat-guerison-naturelle-cadeaux","20":"product_cat-massage-fr","21":"product_cat-homme","22":"product_cat-corps-fr","23":"product_cat-cremes-hydratantes-homme","24":"product_cat-traitement-naturel","25":"product_cat-massage-traitement-naturel","26":"product_cat-traitement-naturel-traitement-naturel","28":"first","29":"instock","30":"taxable","31":"shipping-taxable","32":"purchasable","33":"product-type-bundle"},"bundled_by":[],"bundle_stock_status":"instock","bundle_stock_quantity":49,"bundle_virtual":false,"bundle_layout":"default","bundle_add_to_cart_form_location":"default","bundle_editable_in_cart":false,"bundle_sold_individually_context":"product","bundle_item_grouping":"parent","bundle_min_size":"","bundle_max_size":"","bundled_items":[{"bundled_item_id":221,"product_id":5391,"menu_order":0,"quantity_min":1,"quantity_max":1,"quantity_default":1,"priced_individually":false,"shipped_individually":false,"override_title":false,"title":"Traitement Naturel Baume Polyvalent &#8211; 100% Ingr\u00e9dients Naturels","override_description":false,"description":"Traitement Naturel Baume Polyvalent &#8211; 100% Ingr\u00e9dients Naturels","optional":false,"hide_thumbnail":false,"discount":"","override_variations":false,"allowed_variations":[""],"override_default_variation_attributes":false,"default_variation_attributes":[],"single_product_visibility":"visible","cart_visibility":"visible","order_visibility":"visible","single_product_price_visibility":"visible","cart_price_visibility":"visible","order_price_visibility":"visible","stock_status":"in_stock"},{"bundled_item_id":222,"product_id":5388,"menu_order":1,"quantity_min":1,"quantity_max":1,"quantity_default":1,"priced_individually":false,"shipped_individually":false,"override_title":false,"title":"Traitement Naturel Baume pour les Muscles &#8211; 100% Ingr\u00e9dients Naturels avec Huiles Essentielles","override_description":false,"description":"Traitement Naturel Baume pour les Muscles &#8211; 100% Ingr\u00e9dients Naturels avec Huiles Essentielles","optional":false,"hide_thumbnail":false,"discount":"","override_variations":false,"allowed_variations":[""],"override_default_variation_attributes":false,"default_variation_attributes":[],"single_product_visibility":"visible","cart_visibility":"visible","order_visibility":"visible","single_product_price_visibility":"visible","cart_price_visibility":"visible","order_price_visibility":"visible","stock_status":"in_stock"},{"bundled_item_id":223,"product_id":5389,"menu_order":2,"quantity_min":1,"quantity_max":1,"quantity_default":1,"priced_individually":false,"shipped_individually":false,"override_title":false,"title":"Traitement Naturelle Aide au Sommeil &#8211; Huile Essentielle de Lavande","override_description":false,"description":"Traitement Naturelle Aide au Sommeil &#8211; Huile Essentielle de Lavande","optional":false,"hide_thumbnail":false,"discount":"","override_variations":false,"allowed_variations":[""],"override_default_variation_attributes":false,"default_variation_attributes":[],"single_product_visibility":"visible","cart_visibility":"visible","order_visibility":"visible","single_product_price_visibility":"visible","cart_price_visibility":"visible","order_price_visibility":"visible","stock_status":"in_stock"},{"bundled_item_id":224,"product_id":5367,"menu_order":3,"quantity_min":1,"quantity_max":1,"quantity_default":1,"priced_individually":false,"shipped_individually":false,"override_title":false,"title":"Traitement Naturel Baume \u00e0 L\u00e8vres &#8211; 100% Naturel avec Vanille et Huile d&#8217;Amande","override_description":false,"description":"Traitement Naturel Baume \u00e0 L\u00e8vres &#8211; 100% Naturel avec Vanille et Huile d&#8217;Amande","optional":false,"hide_thumbnail":false,"discount":"","override_variations":false,"allowed_variations":[""],"override_default_variation_attributes":false,"default_variation_attributes":[],"single_product_visibility":"visible","cart_visibility":"visible","order_visibility":"visible","single_product_price_visibility":"visible","cart_price_visibility":"visible","order_price_visibility":"visible","stock_status":"in_stock"},{"bundled_item_id":225,"product_id":5390,"menu_order":4,"quantity_min":1,"quantity_max":1,"quantity_default":1,"priced_individually":false,"shipped_individually":false,"override_title":false,"title":"Traitement Naturel Huile Essentielle de Lavande Biologique","override_description":false,"description":"Traitement Naturel Huile Essentielle de Lavande Biologique","optional":false,"hide_thumbnail":false,"discount":"","override_variations":false,"allowed_variations":[""],"override_default_variation_attributes":false,"default_variation_attributes":[],"single_product_visibility":"visible","cart_visibility":"visible","order_visibility":"visible","single_product_price_visibility":"visible","cart_price_visibility":"visible","order_price_visibility":"visible","stock_status":"in_stock"},{"bundled_item_id":226,"product_id":5373,"menu_order":5,"quantity_min":1,"quantity_max":1,"quantity_default":1,"priced_individually":false,"shipped_individually":false,"override_title":false,"title":"Traitement Naturel Huile de Massage Hydratante &#8211; 100% Huiles Essentielles de Lavande, G\u00e9ranium, Citron et Amande","override_description":false,"description":"Traitement Naturel Huile de Massage Hydratante &#8211; 100% Huiles Essentielles de Lavande, G\u00e9ranium, Citron et Amande","optional":false,"hide_thumbnail":false,"discount":"","override_variations":false,"allowed_variations":[""],"override_default_variation_attributes":false,"default_variation_attributes":[],"single_product_visibility":"visible","cart_visibility":"visible","order_visibility":"visible","single_product_price_visibility":"visible","cart_price_visibility":"visible","order_price_visibility":"visible","stock_status":"in_stock"}],"bundle_sell_ids":[],"acf":[],"taxonomy_info":{"product_cat":[{"value":474,"label":"Corps et Bain"},{"value":534,"label":"Huile Essentielle"},{"value":535,"label":"Cadeaux"},{"value":542,"label":"massage"},{"value":536,"label":"Homme"},{"value":475,"label":"cr\u00e8mes hydratantes"},{"value":476,"label":"Traitement Naturel"},{"value":482,"label":"Huile Essentielle"},{"value":570,"label":"Cadeaux"},{"value":573,"label":"Corps"},{"value":488,"label":"Cadeaux pour elle et pour lui"},{"value":491,"label":"Massage"},{"value":492,"label":"Homme"},{"value":494,"label":"Traitement Naturel"},{"value":518,"label":"Massage"},{"value":559,"label":"Homme"},{"value":587,"label":"Corps"},{"value":590,"label":"cr\u00e8mes hydratantes"},{"value":519,"label":"Traitement Naturel"},{"value":524,"label":"massage"},{"value":527,"label":"traitement naturel"}]},"featured_image_src_large":["https:\/\/scullys.eu\/wp-content\/uploads\/2022\/12\/NaturalHealing-1024x1024.png",1024,1024,true],"author_info":[],"comment_info":"","_links":{"self":[{"href":"https:\/\/scullys.eu\/fr\/wp-json\/wp\/v2\/product\/5033","targetHints":{"allow":["GET"]}}],"collection":[{"href":"https:\/\/scullys.eu\/fr\/wp-json\/wp\/v2\/product"}],"about":[{"href":"https:\/\/scullys.eu\/fr\/wp-json\/wp\/v2\/types\/product"}],"wp:featuredmedia":[{"embeddable":true,"href":"https:\/\/scullys.eu\/fr\/wp-json\/wp\/v2\/media\/3120"}],"wp:attachment":[{"href":"https:\/\/scullys.eu\/fr\/wp-json\/wp\/v2\/media?parent=5033"}],"wp:term":[{"taxonomy":"product_brand","embeddable":true,"href":"https:\/\/scullys.eu\/fr\/wp-json\/wp\/v2\/product_brand?post=5033"},{"taxonomy":"product_cat","embeddable":true,"href":"https:\/\/scullys.eu\/fr\/wp-json\/wp\/v2\/product_cat?post=5033"},{"taxonomy":"product_tag","embeddable":true,"href":"https:\/\/scullys.eu\/fr\/wp-json\/wp\/v2\/product_tag?post=5033"}],"curies":[{"name":"wp","href":"https:\/\/api.w.org\/{rel}","templated":true}]}}