{"id":5017,"date":"2022-12-30T12:36:00","date_gmt":"2022-12-30T11:36:00","guid":{"rendered":"https:\/\/scullys.eu\/shop\/non%20class\u00e9\/massage-box-lavender\/"},"modified":"2024-10-01T00:01:34","modified_gmt":"2024-09-30T22:01:34","slug":"massage-box-lavender-black-box","status":"publish","type":"product","link":"https:\/\/scullys.eu\/fr\/corps\/douche-bain-soin-du-corps\/massage-box-lavender-black-box\/","title":{"rendered":"Coffret de Massage &#8211; Lavande"},"content":{"rendered":"","protected":false},"excerpt":{"rendered":"\n<p class=\"p1\">La s\u00e9lection id\u00e9ale de produits Scullys pour b\u00e9n\u00e9ficier d&rsquo;une th\u00e9rapie de massage optimale. Commencez dans le bain avec notre huile ultra hydratante, puis essayez les diff\u00e9rentes sensations de l&rsquo;huile de massage et de la cire naturelle, tout en vous relaxant dans l&rsquo;ar\u00f4me purifiant de notre bougie de soja \u00e0 la lavande. <\/p>\n","protected":false},"featured_media":3234,"template":"","meta":{"_acf_changed":false,"_kad_blocks_custom_css":"","_kad_blocks_head_custom_js":"","_kad_blocks_body_custom_js":"","_kad_blocks_footer_custom_js":""},"product_brand":[],"product_cat":[474,478,534,535,541,542,536,475,482,570,573,575,488,490,491,492,586,516,515,508,518,559,587,590],"product_tag":[],"class_list":{"0":"post-5017","1":"product","2":"type-product","3":"status-publish","4":"has-post-thumbnail","6":"product_cat-corps","7":"product_cat-douche-bain-soin-du-corps","8":"product_cat-huile-essentielle-soins-du-corps","9":"product_cat-cadeaux-soins-du-corps","10":"product_cat-soins-du-corps-a-la-lavande","11":"product_cat-massage-soins-corporels","12":"product_cat-homme-corps-bain","13":"product_cat-hydratants-soins-du-corps","14":"product_cat-huile-essentielle","15":"product_cat-cadeaux","16":"product_cat-cadeaux-corps","17":"product_cat-classiques-cadeaux","18":"product_cat-cadeaux-pour-elle-et-pour-lui","19":"product_cat-lavande-cadeaux","20":"product_cat-massage-cadeaux-fr","21":"product_cat-homme-cadeaux","22":"product_cat-lavende","23":"product_cat-massage-a-la-lavande","24":"product_cat-lavender-massage-23-fr","25":"product_cat-hydratants-a-la-lavande","26":"product_cat-massage-fr","27":"product_cat-homme","28":"product_cat-corps-fr","29":"product_cat-cremes-hydratantes-homme","31":"first","32":"instock","33":"taxable","34":"shipping-taxable","35":"purchasable","36":"product-type-bundle"},"bundled_by":[],"bundle_stock_status":"instock","bundle_stock_quantity":59,"bundle_virtual":false,"bundle_layout":"default","bundle_add_to_cart_form_location":"default","bundle_editable_in_cart":false,"bundle_sold_individually_context":"product","bundle_item_grouping":"parent","bundle_min_size":"","bundle_max_size":"","bundled_items":[{"bundled_item_id":207,"product_id":5438,"menu_order":0,"quantity_min":1,"quantity_max":1,"quantity_default":1,"priced_individually":false,"shipped_individually":false,"override_title":false,"title":"Huile Naturelle de Bain et pour le Corps &#8211; Huiles Essentielles de Lavande et d&#8217;Amande","override_description":false,"description":"Huile Naturelle de Bain et pour le Corps &#8211; Huiles Essentielles de Lavande et d&#8217;Amande","optional":false,"hide_thumbnail":false,"discount":"","override_variations":false,"allowed_variations":[""],"override_default_variation_attributes":false,"default_variation_attributes":[],"single_product_visibility":"visible","cart_visibility":"visible","order_visibility":"visible","single_product_price_visibility":"visible","cart_price_visibility":"visible","order_price_visibility":"visible","stock_status":"in_stock"},{"bundled_item_id":208,"product_id":5373,"menu_order":1,"quantity_min":1,"quantity_max":1,"quantity_default":1,"priced_individually":false,"shipped_individually":false,"override_title":false,"title":"Traitement Naturel Huile de Massage Hydratante &#8211; 100% Huiles Essentielles de Lavande, G\u00e9ranium, Citron et Amande","override_description":false,"description":"Traitement Naturel Huile de Massage Hydratante &#8211; 100% Huiles Essentielles de Lavande, G\u00e9ranium, Citron et Amande","optional":false,"hide_thumbnail":false,"discount":"","override_variations":false,"allowed_variations":[""],"override_default_variation_attributes":false,"default_variation_attributes":[],"single_product_visibility":"visible","cart_visibility":"visible","order_visibility":"visible","single_product_price_visibility":"visible","cart_price_visibility":"visible","order_price_visibility":"visible","stock_status":"in_stock"},{"bundled_item_id":209,"product_id":5470,"menu_order":2,"quantity_min":1,"quantity_max":1,"quantity_default":1,"priced_individually":false,"shipped_individually":false,"override_title":false,"title":"Cire \u00e0 Massage Relaxante &#8211; Avec Huiles Naturelles de Lavande et Amande","override_description":false,"description":"Cire \u00e0 Massage Relaxante &#8211; Avec Huiles Naturelles de Lavande et Amande","optional":false,"hide_thumbnail":false,"discount":"","override_variations":false,"allowed_variations":[""],"override_default_variation_attributes":false,"default_variation_attributes":[],"single_product_visibility":"visible","cart_visibility":"visible","order_visibility":"visible","single_product_price_visibility":"visible","cart_price_visibility":"visible","order_price_visibility":"visible","stock_status":"in_stock"},{"bundled_item_id":210,"product_id":5271,"menu_order":3,"quantity_min":1,"quantity_max":1,"quantity_default":1,"priced_individually":false,"shipped_individually":false,"override_title":false,"title":"Bougie Parfum\u00e9e Air Light \u00e0 la cire de soja &#8211; Huile Essentielle de Lavande","override_description":false,"description":"Bougie Parfum\u00e9e Air Light \u00e0 la cire de soja &#8211; Huile Essentielle de Lavande","optional":false,"hide_thumbnail":false,"discount":"","override_variations":false,"allowed_variations":[""],"override_default_variation_attributes":false,"default_variation_attributes":[],"single_product_visibility":"visible","cart_visibility":"visible","order_visibility":"visible","single_product_price_visibility":"visible","cart_price_visibility":"visible","order_price_visibility":"visible","stock_status":"in_stock"}],"bundle_sell_ids":[],"acf":[],"taxonomy_info":{"product_cat":[{"value":474,"label":"Corps et Bain"},{"value":478,"label":"douche et bain"},{"value":534,"label":"Huile Essentielle"},{"value":535,"label":"Cadeaux"},{"value":541,"label":"lavande"},{"value":542,"label":"massage"},{"value":536,"label":"Homme"},{"value":475,"label":"cr\u00e8mes hydratantes"},{"value":482,"label":"Huile Essentielle"},{"value":570,"label":"Cadeaux"},{"value":573,"label":"Corps"},{"value":575,"label":"Classiques"},{"value":488,"label":"Cadeaux pour elle et pour lui"},{"value":490,"label":"Lavande"},{"value":491,"label":"Massage"},{"value":492,"label":"Homme"},{"value":586,"label":"Lavende"},{"value":516,"label":"Massage \u00e0 la lavande"},{"value":515,"label":"Lavender massage [disabled]"},{"value":508,"label":"Hydratants \u00e0 la lavande"},{"value":518,"label":"Massage"},{"value":559,"label":"Homme"},{"value":587,"label":"Corps"},{"value":590,"label":"cr\u00e8mes hydratantes"}]},"featured_image_src_large":["https:\/\/scullys.eu\/wp-content\/uploads\/2022\/12\/Lavender_BlackBox-1024x1024.png",1024,1024,true],"author_info":[],"comment_info":"","_links":{"self":[{"href":"https:\/\/scullys.eu\/fr\/wp-json\/wp\/v2\/product\/5017","targetHints":{"allow":["GET"]}}],"collection":[{"href":"https:\/\/scullys.eu\/fr\/wp-json\/wp\/v2\/product"}],"about":[{"href":"https:\/\/scullys.eu\/fr\/wp-json\/wp\/v2\/types\/product"}],"wp:featuredmedia":[{"embeddable":true,"href":"https:\/\/scullys.eu\/fr\/wp-json\/wp\/v2\/media\/3234"}],"wp:attachment":[{"href":"https:\/\/scullys.eu\/fr\/wp-json\/wp\/v2\/media?parent=5017"}],"wp:term":[{"taxonomy":"product_brand","embeddable":true,"href":"https:\/\/scullys.eu\/fr\/wp-json\/wp\/v2\/product_brand?post=5017"},{"taxonomy":"product_cat","embeddable":true,"href":"https:\/\/scullys.eu\/fr\/wp-json\/wp\/v2\/product_cat?post=5017"},{"taxonomy":"product_tag","embeddable":true,"href":"https:\/\/scullys.eu\/fr\/wp-json\/wp\/v2\/product_tag?post=5017"}],"curies":[{"name":"wp","href":"https:\/\/api.w.org\/{rel}","templated":true}]}}