{"id":5010,"date":"2022-12-30T12:38:22","date_gmt":"2022-12-30T11:38:22","guid":{"rendered":"https:\/\/scullys.eu\/shop\/non%20class\u00e9\/baby-care-pack\/"},"modified":"2024-10-01T00:01:34","modified_gmt":"2024-09-30T22:01:34","slug":"baby-care-pack-white-box","status":"publish","type":"product","link":"https:\/\/scullys.eu\/fr\/bebe\/bebe-bebe\/baby-care-pack-white-box\/","title":{"rendered":"Coffret soins pour b\u00e9b\u00e9"},"content":{"rendered":"","protected":false},"excerpt":{"rendered":"\n<p class=\"p1\">Les produits de soins pour b\u00e9b\u00e9s de Scullys ont \u00e9t\u00e9 sp\u00e9cialement con\u00e7us pour \u00eatre tr\u00e8s d\u00e9licats sur la peau d\u00e9licate du b\u00e9b\u00e9.<\/p>\n<p class=\"p1\">Notre coffret de soins pour b\u00e9b\u00e9 est la pens\u00e9e id\u00e9ale pour un nouveau-n\u00e9 ou un b\u00e9b\u00e9 plus \u00e2g\u00e9, ou pour une future maman.<\/p>\n<p class=\"p1\">Comprend un jouet de dentition gratuit pour b\u00e9b\u00e9 Scullys.<\/p>\n","protected":false},"featured_media":3138,"template":"","meta":{"_acf_changed":false,"_kad_blocks_custom_css":"","_kad_blocks_head_custom_js":"","_kad_blocks_body_custom_js":"","_kad_blocks_footer_custom_js":""},"product_brand":[],"product_cat":[464,465,570,546,493],"product_tag":[],"class_list":{"0":"post-5010","1":"product","2":"type-product","3":"status-publish","4":"has-post-thumbnail","6":"product_cat-bebe","7":"product_cat-bebe-bebe","8":"product_cat-cadeaux","9":"product_cat-bebe-cadeaux","10":"product_cat-maman-et-bebe-cadeaux","12":"first","13":"instock","14":"taxable","15":"shipping-taxable","16":"purchasable","17":"product-type-bundle"},"bundled_by":[],"bundle_stock_status":"instock","bundle_stock_quantity":63,"bundle_virtual":false,"bundle_layout":"default","bundle_add_to_cart_form_location":"default","bundle_editable_in_cart":false,"bundle_sold_individually_context":"product","bundle_item_grouping":"parent","bundle_min_size":"","bundle_max_size":"","bundled_items":[{"bundled_item_id":196,"product_id":5238,"menu_order":0,"quantity_min":1,"quantity_max":1,"quantity_default":1,"priced_individually":false,"shipped_individually":false,"override_title":false,"title":"B\u00e9b\u00e9 Savon Naturel Extra Doux &#8211; Avec Lait de Ch\u00e8vre, Beurre de Karit\u00e9, Huile d&#8217;Avocat et Extrait de Camomille.","override_description":false,"description":"B\u00e9b\u00e9 Savon Naturel Extra Doux &#8211; Avec Lait de Ch\u00e8vre, Beurre de Karit\u00e9, Huile d&#8217;Avocat et Extrait de Camomille.","optional":false,"hide_thumbnail":false,"discount":"","override_variations":false,"allowed_variations":[""],"override_default_variation_attributes":false,"default_variation_attributes":[],"single_product_visibility":"visible","cart_visibility":"visible","order_visibility":"visible","single_product_price_visibility":"visible","cart_price_visibility":"visible","order_price_visibility":"visible","stock_status":"in_stock"},{"bundled_item_id":197,"product_id":5244,"menu_order":1,"quantity_min":1,"quantity_max":1,"quantity_default":1,"priced_individually":false,"shipped_individually":false,"override_title":false,"title":"B\u00e9b\u00e9 Lotion Corporelle Naturelle &#8211; Avec Beurre de Karit\u00e9 et Huiles Essentieles de Noix de Coco, Avocat, Camomille et Lavande","override_description":false,"description":"B\u00e9b\u00e9 Lotion Corporelle Naturelle &#8211; Avec Beurre de Karit\u00e9 et Huiles Essentieles de Noix de Coco, Avocat, Camomille et Lavande","optional":false,"hide_thumbnail":false,"discount":"","override_variations":false,"allowed_variations":[""],"override_default_variation_attributes":false,"default_variation_attributes":[],"single_product_visibility":"visible","cart_visibility":"visible","order_visibility":"visible","single_product_price_visibility":"visible","cart_price_visibility":"visible","order_price_visibility":"visible","stock_status":"in_stock"},{"bundled_item_id":198,"product_id":5226,"menu_order":2,"quantity_min":1,"quantity_max":1,"quantity_default":1,"priced_individually":false,"shipped_individually":false,"override_title":false,"title":"B\u00e9b\u00e9 Gel de bain Naturel &#8211; Avec Huiles Essentielles de Camomille, Avocat et Lavande","override_description":false,"description":"B\u00e9b\u00e9 Gel de bain Naturel &#8211; Avec Huiles Essentielles de Camomille, Avocat et Lavande","optional":false,"hide_thumbnail":false,"discount":"","override_variations":false,"allowed_variations":[""],"override_default_variation_attributes":false,"default_variation_attributes":[],"single_product_visibility":"visible","cart_visibility":"visible","order_visibility":"visible","single_product_price_visibility":"visible","cart_price_visibility":"visible","order_price_visibility":"visible","stock_status":"in_stock"},{"bundled_item_id":199,"product_id":5256,"menu_order":3,"quantity_min":1,"quantity_max":1,"quantity_default":1,"priced_individually":false,"shipped_individually":false,"override_title":false,"title":"B\u00e9b\u00e9 Shampooing et Conditionneur Naturel 2 en 1 &#8211; Avec Huiles Essentieles de Camomille, Avocat et Lavande","override_description":false,"description":"B\u00e9b\u00e9 Shampooing et Conditionneur Naturel 2 en 1 &#8211; Avec Huiles Essentieles de Camomille, Avocat et Lavande","optional":false,"hide_thumbnail":false,"discount":"","override_variations":false,"allowed_variations":[""],"override_default_variation_attributes":false,"default_variation_attributes":[],"single_product_visibility":"visible","cart_visibility":"visible","order_visibility":"visible","single_product_price_visibility":"visible","cart_price_visibility":"visible","order_price_visibility":"visible","stock_status":"in_stock"},{"bundled_item_id":200,"product_id":5231,"menu_order":4,"quantity_min":1,"quantity_max":1,"quantity_default":1,"priced_individually":false,"shipped_individually":false,"override_title":false,"title":"B\u00e9b\u00e9 Baume Apaisant &#8211; Ingr\u00e9dients 100% Naturels avec Beurre de Karit\u00e9 et Huiles Essentielles d&#8217;Amande, d&#8217;Abricot et de Camomille.","override_description":false,"description":"B\u00e9b\u00e9 Baume Apaisant &#8211; Ingr\u00e9dients 100% Naturels avec Beurre de Karit\u00e9 et Huiles Essentielles d&#8217;Amande, d&#8217;Abricot et de Camomille.","optional":false,"hide_thumbnail":false,"discount":"","override_variations":false,"allowed_variations":[""],"override_default_variation_attributes":false,"default_variation_attributes":[],"single_product_visibility":"visible","cart_visibility":"visible","order_visibility":"visible","single_product_price_visibility":"visible","cart_price_visibility":"visible","order_price_visibility":"visible","stock_status":"in_stock"},{"bundled_item_id":201,"product_id":5250,"menu_order":5,"quantity_min":1,"quantity_max":1,"quantity_default":1,"priced_individually":false,"shipped_individually":false,"override_title":false,"title":"B\u00e9b\u00e9 Huile de Massage &#8211; M\u00e9lange Extraordinaire Enti\u00e8rement Naturel d&#8217;Huiles Essentielles d&#8217;Amande, de Noyau d&#8217;Abricot et de Camomille.","override_description":false,"description":"B\u00e9b\u00e9 Huile de Massage &#8211; M\u00e9lange Extraordinaire Enti\u00e8rement Naturel d&#8217;Huiles Essentielles d&#8217;Amande, de Noyau d&#8217;Abricot et de Camomille.","optional":false,"hide_thumbnail":false,"discount":"","override_variations":false,"allowed_variations":[""],"override_default_variation_attributes":false,"default_variation_attributes":[],"single_product_visibility":"visible","cart_visibility":"visible","order_visibility":"visible","single_product_price_visibility":"visible","cart_price_visibility":"visible","order_price_visibility":"visible","stock_status":"in_stock"},{"bundled_item_id":202,"product_id":5281,"menu_order":6,"quantity_min":1,"quantity_max":1,"quantity_default":1,"priced_individually":false,"shipped_individually":false,"override_title":false,"title":"B\u00e9b\u00e9 Anneau de Dentition &#8220;Scullywags&#8221; &#8211; silicone et bois naturel","override_description":false,"description":"B\u00e9b\u00e9 Anneau de Dentition &#8220;Scullywags&#8221; &#8211; silicone et bois naturel","optional":false,"hide_thumbnail":false,"discount":"","override_variations":false,"allowed_variations":[""],"override_default_variation_attributes":false,"default_variation_attributes":[],"single_product_visibility":"visible","cart_visibility":"visible","order_visibility":"visible","single_product_price_visibility":"visible","cart_price_visibility":"visible","order_price_visibility":"visible","stock_status":"in_stock"}],"bundle_sell_ids":[],"acf":[],"taxonomy_info":{"product_cat":[{"value":464,"label":"B\u00e9b\u00e9"},{"value":465,"label":"B\u00e9b\u00e9 B\u00e9b\u00e9"},{"value":570,"label":"Cadeaux"},{"value":546,"label":"b\u00e9b\u00e9"},{"value":493,"label":"Maman et b\u00e9b\u00e9"}]},"featured_image_src_large":["https:\/\/scullys.eu\/wp-content\/uploads\/2022\/12\/BabyCare-1024x1024.png",1024,1024,true],"author_info":[],"comment_info":"","_links":{"self":[{"href":"https:\/\/scullys.eu\/fr\/wp-json\/wp\/v2\/product\/5010","targetHints":{"allow":["GET"]}}],"collection":[{"href":"https:\/\/scullys.eu\/fr\/wp-json\/wp\/v2\/product"}],"about":[{"href":"https:\/\/scullys.eu\/fr\/wp-json\/wp\/v2\/types\/product"}],"wp:featuredmedia":[{"embeddable":true,"href":"https:\/\/scullys.eu\/fr\/wp-json\/wp\/v2\/media\/3138"}],"wp:attachment":[{"href":"https:\/\/scullys.eu\/fr\/wp-json\/wp\/v2\/media?parent=5010"}],"wp:term":[{"taxonomy":"product_brand","embeddable":true,"href":"https:\/\/scullys.eu\/fr\/wp-json\/wp\/v2\/product_brand?post=5010"},{"taxonomy":"product_cat","embeddable":true,"href":"https:\/\/scullys.eu\/fr\/wp-json\/wp\/v2\/product_cat?post=5010"},{"taxonomy":"product_tag","embeddable":true,"href":"https:\/\/scullys.eu\/fr\/wp-json\/wp\/v2\/product_tag?post=5010"}],"curies":[{"name":"wp","href":"https:\/\/api.w.org\/{rel}","templated":true}]}}