{"id":5006,"date":"2022-12-30T12:41:45","date_gmt":"2022-12-30T11:41:45","guid":{"rendered":"https:\/\/scullys.eu\/shop\/non%20class\u00e9\/mombaby-care-pack\/"},"modified":"2024-10-01T00:01:35","modified_gmt":"2024-09-30T22:01:35","slug":"mumbaby-care-pack-white-box","status":"publish","type":"product","link":"https:\/\/scullys.eu\/fr\/bebe\/bebe-bebe\/mumbaby-care-pack-white-box\/","title":{"rendered":"Coffret soins Maman &amp; B\u00e9b\u00e9"},"content":{"rendered":"","protected":false},"excerpt":{"rendered":"\n<p class=\"p1\">D\u00e9licat pour la peau d\u00e9licate du b\u00e9b\u00e9, indulgent pour les m\u00e8res pendant et apr\u00e8s la grossesse.<\/p>\n<p class=\"p1\">Notre coffret sp\u00e9cial pour maman et b\u00e9b\u00e9 est le cadeau id\u00e9al pour un nouveau-n\u00e9 ou un b\u00e9b\u00e9 plus \u00e2g\u00e9, les enfants et leur maman.<\/p>\n<p class=\"p1\">Avec un jouet pour b\u00e9b\u00e9 et un baume \u00e0 l\u00e8vres naturel offerts.<\/p>\n","protected":false},"featured_media":3238,"template":"","meta":{"_acf_changed":false,"_kad_blocks_custom_css":"","_kad_blocks_head_custom_js":"","_kad_blocks_body_custom_js":"","_kad_blocks_footer_custom_js":""},"product_brand":[],"product_cat":[464,465,474,537,539,475,570,546,572,573,575,487,493,547,552,554,499,549,517],"product_tag":[],"class_list":{"0":"post-5006","1":"product","2":"type-product","3":"status-publish","4":"has-post-thumbnail","6":"product_cat-bebe","7":"product_cat-bebe-bebe","8":"product_cat-corps","9":"product_cat-soins-du-corps-blush-peony","10":"product_cat-classiques-soins-du-corps","11":"product_cat-hydratants-soins-du-corps","12":"product_cat-cadeaux","13":"product_cat-bebe-cadeaux","14":"product_cat-cadeaux-de-pivoines-rouges","15":"product_cat-cadeaux-corps","16":"product_cat-classiques-cadeaux","17":"product_cat-cadeaux-pour-les-mains","18":"product_cat-maman-et-bebe-cadeaux","19":"product_cat-soins-des-mains","20":"product_cat-pivoine-blush-soins-des-mains","21":"product_cat-classiques-soins-des-mains","22":"product_cat-cremes-hydratantes-soins-des-mains","23":"product_cat-soins-des-ongles-et-des-mains","24":"product_cat-soins-des-levres","26":"first","27":"instock","28":"taxable","29":"shipping-taxable","30":"purchasable","31":"product-type-bundle"},"bundled_by":[],"bundle_stock_status":"instock","bundle_stock_quantity":26,"bundle_virtual":false,"bundle_layout":"default","bundle_add_to_cart_form_location":"default","bundle_editable_in_cart":false,"bundle_sold_individually_context":"product","bundle_item_grouping":"parent","bundle_min_size":"","bundle_max_size":"","bundled_items":[{"bundled_item_id":180,"product_id":5231,"menu_order":0,"quantity_min":1,"quantity_max":1,"quantity_default":1,"priced_individually":false,"shipped_individually":false,"override_title":false,"title":"B\u00e9b\u00e9 Baume Apaisant &#8211; Ingr\u00e9dients 100% Naturels avec Beurre de Karit\u00e9 et Huiles Essentielles d&#8217;Amande, d&#8217;Abricot et de Camomille.","override_description":false,"description":"B\u00e9b\u00e9 Baume Apaisant &#8211; Ingr\u00e9dients 100% Naturels avec Beurre de Karit\u00e9 et Huiles Essentielles d&#8217;Amande, d&#8217;Abricot et de Camomille.","optional":false,"hide_thumbnail":false,"discount":"","override_variations":false,"allowed_variations":[""],"override_default_variation_attributes":false,"default_variation_attributes":[],"single_product_visibility":"visible","cart_visibility":"visible","order_visibility":"visible","single_product_price_visibility":"visible","cart_price_visibility":"visible","order_price_visibility":"visible","stock_status":"in_stock"},{"bundled_item_id":181,"product_id":5244,"menu_order":1,"quantity_min":1,"quantity_max":1,"quantity_default":1,"priced_individually":false,"shipped_individually":false,"override_title":false,"title":"B\u00e9b\u00e9 Lotion Corporelle Naturelle &#8211; Avec Beurre de Karit\u00e9 et Huiles Essentieles de Noix de Coco, Avocat, Camomille et Lavande","override_description":false,"description":"B\u00e9b\u00e9 Lotion Corporelle Naturelle &#8211; Avec Beurre de Karit\u00e9 et Huiles Essentieles de Noix de Coco, Avocat, Camomille et Lavande","optional":false,"hide_thumbnail":false,"discount":"","override_variations":false,"allowed_variations":[""],"override_default_variation_attributes":false,"default_variation_attributes":[],"single_product_visibility":"visible","cart_visibility":"visible","order_visibility":"visible","single_product_price_visibility":"visible","cart_price_visibility":"visible","order_price_visibility":"visible","stock_status":"in_stock"},{"bundled_item_id":182,"product_id":5226,"menu_order":2,"quantity_min":1,"quantity_max":1,"quantity_default":1,"priced_individually":false,"shipped_individually":false,"override_title":false,"title":"B\u00e9b\u00e9 Gel de bain Naturel &#8211; Avec Huiles Essentielles de Camomille, Avocat et Lavande","override_description":false,"description":"B\u00e9b\u00e9 Gel de bain Naturel &#8211; Avec Huiles Essentielles de Camomille, Avocat et Lavande","optional":false,"hide_thumbnail":false,"discount":"","override_variations":false,"allowed_variations":[""],"override_default_variation_attributes":false,"default_variation_attributes":[],"single_product_visibility":"visible","cart_visibility":"visible","order_visibility":"visible","single_product_price_visibility":"visible","cart_price_visibility":"visible","order_price_visibility":"visible","stock_status":"in_stock"},{"bundled_item_id":183,"product_id":5250,"menu_order":3,"quantity_min":1,"quantity_max":1,"quantity_default":1,"priced_individually":false,"shipped_individually":false,"override_title":false,"title":"B\u00e9b\u00e9 Huile de Massage &#8211; M\u00e9lange Extraordinaire Enti\u00e8rement Naturel d&#8217;Huiles Essentielles d&#8217;Amande, de Noyau d&#8217;Abricot et de Camomille.","override_description":false,"description":"B\u00e9b\u00e9 Huile de Massage &#8211; M\u00e9lange Extraordinaire Enti\u00e8rement Naturel d&#8217;Huiles Essentielles d&#8217;Amande, de Noyau d&#8217;Abricot et de Camomille.","optional":false,"hide_thumbnail":false,"discount":"","override_variations":false,"allowed_variations":[""],"override_default_variation_attributes":false,"default_variation_attributes":[],"single_product_visibility":"visible","cart_visibility":"visible","order_visibility":"visible","single_product_price_visibility":"visible","cart_price_visibility":"visible","order_price_visibility":"visible","stock_status":"in_stock"},{"bundled_item_id":184,"product_id":5404,"menu_order":4,"quantity_min":1,"quantity_max":1,"quantity_default":1,"priced_individually":false,"shipped_individually":false,"override_title":false,"title":"Baume pour le Corps Hydratation Intense &#8211; 100% Ingr\u00e9dients Naturels, avec Huiles de Pivoine Rose, Amande, Abricot, Jasmin ey Coco","override_description":false,"description":"Baume pour le Corps Hydratation Intense &#8211; 100% Ingr\u00e9dients Naturels, avec Huiles de Pivoine Rose, Amande, Abricot, Jasmin ey Coco","optional":false,"hide_thumbnail":false,"discount":"","override_variations":false,"allowed_variations":[""],"override_default_variation_attributes":false,"default_variation_attributes":[],"single_product_visibility":"visible","cart_visibility":"visible","order_visibility":"visible","single_product_price_visibility":"visible","cart_price_visibility":"visible","order_price_visibility":"visible","stock_status":"in_stock"},{"bundled_item_id":185,"product_id":5409,"menu_order":5,"quantity_min":1,"quantity_max":1,"quantity_default":1,"priced_individually":false,"shipped_individually":false,"override_title":false,"title":"Cr\u00e8me pour les Mains Hydratation Naturelle &#8211; Huiles Essentielles de Tub\u00e9reuse, Noix de Coco et Pivoine Rouge et Vitamine E","override_description":false,"description":"Cr\u00e8me pour les Mains Hydratation Naturelle &#8211; Huiles Essentielles de Tub\u00e9reuse, Noix de Coco et Pivoine Rouge et Vitamine E","optional":false,"hide_thumbnail":false,"discount":"","override_variations":false,"allowed_variations":[""],"override_default_variation_attributes":false,"default_variation_attributes":[],"single_product_visibility":"visible","cart_visibility":"visible","order_visibility":"visible","single_product_price_visibility":"visible","cart_price_visibility":"visible","order_price_visibility":"visible","stock_status":"in_stock"},{"bundled_item_id":186,"product_id":5334,"menu_order":6,"quantity_min":1,"quantity_max":1,"quantity_default":1,"priced_individually":false,"shipped_individually":false,"override_title":false,"title":"Traitement Naturel Baume pour les ongles &#8211; 100% Naturel avec Huiles Essentielles de Pivoine Rose et Coco","override_description":false,"description":"Traitement Naturel Baume pour les ongles &#8211; 100% Naturel avec Huiles Essentielles de Pivoine Rose et Coco","optional":false,"hide_thumbnail":false,"discount":"","override_variations":false,"allowed_variations":[""],"override_default_variation_attributes":false,"default_variation_attributes":[],"single_product_visibility":"visible","cart_visibility":"visible","order_visibility":"visible","single_product_price_visibility":"visible","cart_price_visibility":"visible","order_price_visibility":"visible","stock_status":"in_stock"},{"bundled_item_id":187,"product_id":5367,"menu_order":7,"quantity_min":1,"quantity_max":1,"quantity_default":1,"priced_individually":false,"shipped_individually":false,"override_title":false,"title":"Traitement Naturel Baume \u00e0 L\u00e8vres &#8211; 100% Naturel avec Vanille et Huile d&#8217;Amande","override_description":false,"description":"Traitement Naturel Baume \u00e0 L\u00e8vres &#8211; 100% Naturel avec Vanille et Huile d&#8217;Amande","optional":false,"hide_thumbnail":false,"discount":"","override_variations":false,"allowed_variations":[""],"override_default_variation_attributes":false,"default_variation_attributes":[],"single_product_visibility":"visible","cart_visibility":"visible","order_visibility":"visible","single_product_price_visibility":"visible","cart_price_visibility":"visible","order_price_visibility":"visible","stock_status":"in_stock"},{"bundled_item_id":188,"product_id":5281,"menu_order":8,"quantity_min":1,"quantity_max":1,"quantity_default":1,"priced_individually":false,"shipped_individually":false,"override_title":false,"title":"B\u00e9b\u00e9 Anneau de Dentition &#8220;Scullywags&#8221; &#8211; silicone et bois naturel","override_description":false,"description":"B\u00e9b\u00e9 Anneau de Dentition &#8220;Scullywags&#8221; &#8211; silicone et bois naturel","optional":false,"hide_thumbnail":false,"discount":"","override_variations":false,"allowed_variations":[""],"override_default_variation_attributes":false,"default_variation_attributes":[],"single_product_visibility":"visible","cart_visibility":"visible","order_visibility":"visible","single_product_price_visibility":"visible","cart_price_visibility":"visible","order_price_visibility":"visible","stock_status":"in_stock"}],"bundle_sell_ids":[],"acf":[],"taxonomy_info":{"product_cat":[{"value":464,"label":"B\u00e9b\u00e9"},{"value":465,"label":"B\u00e9b\u00e9 B\u00e9b\u00e9"},{"value":474,"label":"Corps et Bain"},{"value":537,"label":"pivoine blush"},{"value":539,"label":"classiques"},{"value":475,"label":"cr\u00e8mes hydratantes"},{"value":570,"label":"Cadeaux"},{"value":546,"label":"b\u00e9b\u00e9"},{"value":572,"label":"pivoines rouges"},{"value":573,"label":"Corps"},{"value":575,"label":"Classiques"},{"value":487,"label":"Cadeaux pour les mains"},{"value":493,"label":"Maman et b\u00e9b\u00e9"},{"value":547,"label":"Mains"},{"value":552,"label":"pivoine blush"},{"value":554,"label":"classiques"},{"value":499,"label":"cr\u00e8mes hydratantes"},{"value":549,"label":"Soins des ongles"},{"value":517,"label":"Soins des l\u00e8vres"}]},"featured_image_src_large":["https:\/\/scullys.eu\/wp-content\/uploads\/2022\/12\/MotherBaby-1024x1024.png",1024,1024,true],"author_info":[],"comment_info":"","_links":{"self":[{"href":"https:\/\/scullys.eu\/fr\/wp-json\/wp\/v2\/product\/5006","targetHints":{"allow":["GET"]}}],"collection":[{"href":"https:\/\/scullys.eu\/fr\/wp-json\/wp\/v2\/product"}],"about":[{"href":"https:\/\/scullys.eu\/fr\/wp-json\/wp\/v2\/types\/product"}],"wp:featuredmedia":[{"embeddable":true,"href":"https:\/\/scullys.eu\/fr\/wp-json\/wp\/v2\/media\/3238"}],"wp:attachment":[{"href":"https:\/\/scullys.eu\/fr\/wp-json\/wp\/v2\/media?parent=5006"}],"wp:term":[{"taxonomy":"product_brand","embeddable":true,"href":"https:\/\/scullys.eu\/fr\/wp-json\/wp\/v2\/product_brand?post=5006"},{"taxonomy":"product_cat","embeddable":true,"href":"https:\/\/scullys.eu\/fr\/wp-json\/wp\/v2\/product_cat?post=5006"},{"taxonomy":"product_tag","embeddable":true,"href":"https:\/\/scullys.eu\/fr\/wp-json\/wp\/v2\/product_tag?post=5006"}],"curies":[{"name":"wp","href":"https:\/\/api.w.org\/{rel}","templated":true}]}}