{"id":5004,"date":"2022-12-30T12:45:15","date_gmt":"2022-12-30T11:45:15","guid":{"rendered":"https:\/\/scullys.eu\/shop\/non%20class\u00e9\/hershis-box\/"},"modified":"2024-10-01T00:01:35","modified_gmt":"2024-09-30T22:01:35","slug":"hershis-box-white-box","status":"publish","type":"product","link":"https:\/\/scullys.eu\/fr\/corps\/douche-bain-soin-du-corps\/hershis-box-white-box\/","title":{"rendered":"Coffret Elle et Lui"},"content":{"rendered":"","protected":false},"excerpt":{"rendered":"\n<p class=\"p1\">Profitez de moments de d\u00e9tente et de plaisir ensemble gr\u00e2ce \u00e0 ce coffret cadeau sp\u00e9cial cr\u00e9\u00e9 pour elle et lui.<\/p>\n<p class=\"p1\">Comprend un baume \u00e0 l\u00e8vres naturel gratuit.<\/p>\n","protected":false},"featured_media":3227,"template":"","meta":{"_acf_changed":false,"_kad_blocks_custom_css":"","_kad_blocks_head_custom_js":"","_kad_blocks_body_custom_js":"","_kad_blocks_footer_custom_js":""},"product_brand":[],"product_cat":[474,478,538,539,535,542,536,475,570,573,574,575,488,491,492,547,552,550,554,548,502,503,584,517,518,559,587,589,591,592,593,530,595,596,597,598,600],"product_tag":[],"class_list":{"0":"post-5004","1":"product","2":"type-product","3":"status-publish","4":"has-post-thumbnail","6":"product_cat-corps","7":"product_cat-douche-bain-soin-du-corps","8":"product_cat-soins-du-corps-bulgares-rose","9":"product_cat-classiques-soins-du-corps","10":"product_cat-cadeaux-soins-du-corps","11":"product_cat-massage-soins-corporels","12":"product_cat-homme-corps-bain","13":"product_cat-hydratants-soins-du-corps","14":"product_cat-cadeaux","15":"product_cat-cadeaux-corps","16":"product_cat-rose-bulgare-cadeaux","17":"product_cat-classiques-cadeaux","18":"product_cat-cadeaux-pour-elle-et-pour-lui","19":"product_cat-massage-cadeaux-fr","20":"product_cat-homme-cadeaux","21":"product_cat-soins-des-mains","22":"product_cat-pivoine-blush-soins-des-mains","23":"product_cat-pivoine-blush-rose-artisanale-soins-des-mains","24":"product_cat-classiques-soins-des-mains","25":"product_cat-homme-soins-des-mains","26":"product_cat-scrub-hand-care-fr","27":"product_cat-pain-de-savon-soins-des-mains","28":"product_cat-bougies-en-cire-de-soja-maison","29":"product_cat-soins-des-levres","30":"product_cat-massage-fr","31":"product_cat-homme","32":"product_cat-corps-fr","33":"product_cat-mains","34":"product_cat-gommage-homme","35":"product_cat-douche-et-bain-homme","36":"product_cat-pain-de-savon-homme","37":"product_cat-rose-fr","38":"product_cat-rose-massage-fr","39":"product_cat-hydratants-a-la-rose","40":"product_cat-gel-douche-et-bain-a-la-rose","41":"product_cat-savon-a-la-rose","42":"product_cat-savons","44":"first","45":"instock","46":"taxable","47":"shipping-taxable","48":"purchasable","49":"product-type-bundle"},"bundled_by":[],"bundle_stock_status":"instock","bundle_stock_quantity":49,"bundle_virtual":false,"bundle_layout":"default","bundle_add_to_cart_form_location":"default","bundle_editable_in_cart":false,"bundle_sold_individually_context":"product","bundle_item_grouping":"parent","bundle_min_size":"","bundle_max_size":"","bundled_items":[{"bundled_item_id":171,"product_id":5260,"menu_order":0,"quantity_min":1,"quantity_max":1,"quantity_default":1,"priced_individually":false,"shipped_individually":false,"override_title":false,"title":"Savon exfoliant doux pour homme &#8211; Laurier et \u00c9pices","override_description":false,"description":"Savon exfoliant doux pour homme &#8211; Laurier et \u00c9pices","optional":false,"hide_thumbnail":false,"discount":"","override_variations":false,"allowed_variations":[""],"override_default_variation_attributes":false,"default_variation_attributes":[],"single_product_visibility":"visible","cart_visibility":"visible","order_visibility":"visible","single_product_price_visibility":"visible","cart_price_visibility":"visible","order_price_visibility":"visible","stock_status":"in_stock"},{"bundled_item_id":172,"product_id":5498,"menu_order":1,"quantity_min":1,"quantity_max":1,"quantity_default":1,"priced_individually":false,"shipped_individually":false,"override_title":false,"title":"Savon Hydratant mains&#038;corps &#8211; Avec Huiles Essentielles de Pivoine, Rose, Germe de Bl\u00e9, Bois de Santal, Jasmin et Ylang Ylang.","override_description":false,"description":"Savon Hydratant mains&#038;corps &#8211; Avec Huiles Essentielles de Pivoine, Rose, Germe de Bl\u00e9, Bois de Santal, Jasmin et Ylang Ylang.","optional":false,"hide_thumbnail":false,"discount":"","override_variations":false,"allowed_variations":[""],"override_default_variation_attributes":false,"default_variation_attributes":[],"single_product_visibility":"visible","cart_visibility":"visible","order_visibility":"visible","single_product_price_visibility":"visible","cart_price_visibility":"visible","order_price_visibility":"visible","stock_status":"in_stock"},{"bundled_item_id":173,"product_id":5303,"menu_order":2,"quantity_min":1,"quantity_max":1,"quantity_default":1,"priced_individually":false,"shipped_individually":false,"override_title":false,"title":"Gel nettoyant douche pour homme &#8211; Laurier et \u00c9pices, Extraits de plantes et huiles essentielles","override_description":false,"description":"Gel nettoyant douche pour homme &#8211; Laurier et \u00c9pices, Extraits de plantes et huiles essentielles","optional":false,"hide_thumbnail":false,"discount":"","override_variations":false,"allowed_variations":[""],"override_default_variation_attributes":false,"default_variation_attributes":[],"single_product_visibility":"visible","cart_visibility":"visible","order_visibility":"visible","single_product_price_visibility":"visible","cart_price_visibility":"visible","order_price_visibility":"visible","stock_status":"in_stock"},{"bundled_item_id":174,"product_id":5523,"menu_order":3,"quantity_min":1,"quantity_max":1,"quantity_default":1,"priced_individually":false,"shipped_individually":false,"override_title":false,"title":"Gel Douche et Bain Doux &#8211; Huile Essentielle de Rose Bulgare","override_description":false,"description":"Gel Douche et Bain Doux &#8211; Huile Essentielle de Rose Bulgare","optional":false,"hide_thumbnail":false,"discount":"","override_variations":false,"allowed_variations":[""],"override_default_variation_attributes":false,"default_variation_attributes":[],"single_product_visibility":"visible","cart_visibility":"visible","order_visibility":"visible","single_product_price_visibility":"visible","cart_price_visibility":"visible","order_price_visibility":"visible","stock_status":"in_stock"},{"bundled_item_id":175,"product_id":5282,"menu_order":4,"quantity_min":1,"quantity_max":1,"quantity_default":1,"priced_individually":false,"shipped_individually":false,"override_title":false,"title":"Baume Corporel hydratant pour homme &#8211; 100% Naturel avec Huiles Essentielles de Noix de Coco, Amande, Abricot et Laurier","override_description":false,"description":"Baume Corporel hydratant pour homme &#8211; 100% Naturel avec Huiles Essentielles de Noix de Coco, Amande, Abricot et Laurier","optional":false,"hide_thumbnail":false,"discount":"","override_variations":false,"allowed_variations":[""],"override_default_variation_attributes":false,"default_variation_attributes":[],"single_product_visibility":"visible","cart_visibility":"visible","order_visibility":"visible","single_product_price_visibility":"visible","cart_price_visibility":"visible","order_price_visibility":"visible","stock_status":"in_stock"},{"bundled_item_id":176,"product_id":5583,"menu_order":5,"quantity_min":1,"quantity_max":1,"quantity_default":1,"priced_individually":false,"shipped_individually":false,"override_title":false,"title":"Lait Corporel Hydratation Intense &#8211; Huiles Essentielles de Rose de Bulgarie et Amande","override_description":false,"description":"Lait Corporel Hydratation Intense &#8211; Huiles Essentielles de Rose de Bulgarie et Amande","optional":false,"hide_thumbnail":false,"discount":"","override_variations":false,"allowed_variations":[""],"override_default_variation_attributes":false,"default_variation_attributes":[],"single_product_visibility":"visible","cart_visibility":"visible","order_visibility":"visible","single_product_price_visibility":"visible","cart_price_visibility":"visible","order_price_visibility":"visible","stock_status":"in_stock"},{"bundled_item_id":177,"product_id":5276,"menu_order":6,"quantity_min":1,"quantity_max":1,"quantity_default":1,"priced_individually":false,"shipped_individually":false,"override_title":false,"title":"Bougie Parfum\u00e9e Air Light \u00e0 la cire de soja &#8211; Huile Essentielle Absolue de Rose de Bulgarie","override_description":false,"description":"Bougie Parfum\u00e9e Air Light \u00e0 la cire de soja &#8211; Huile Essentielle Absolue de Rose de Bulgarie","optional":false,"hide_thumbnail":false,"discount":"","override_variations":false,"allowed_variations":[""],"override_default_variation_attributes":false,"default_variation_attributes":[],"single_product_visibility":"visible","cart_visibility":"visible","order_visibility":"visible","single_product_price_visibility":"visible","cart_price_visibility":"visible","order_price_visibility":"visible","stock_status":"in_stock"},{"bundled_item_id":178,"product_id":5422,"menu_order":7,"quantity_min":1,"quantity_max":1,"quantity_default":1,"priced_individually":false,"shipped_individually":false,"override_title":false,"title":"Cire \u00e0 Massage Voluptueuse &#8211; Avec Huiles Naturelles de Rose Bulgare, Amande, Bois de Santal, Jasmin et Ylang-Ylang","override_description":false,"description":"Cire \u00e0 Massage Voluptueuse &#8211; Avec Huiles Naturelles de Rose Bulgare, Amande, Bois de Santal, Jasmin et Ylang-Ylang","optional":false,"hide_thumbnail":false,"discount":"","override_variations":false,"allowed_variations":[""],"override_default_variation_attributes":false,"default_variation_attributes":[],"single_product_visibility":"visible","cart_visibility":"visible","order_visibility":"visible","single_product_price_visibility":"visible","cart_price_visibility":"visible","order_price_visibility":"visible","stock_status":"in_stock"},{"bundled_item_id":179,"product_id":5367,"menu_order":8,"quantity_min":1,"quantity_max":1,"quantity_default":1,"priced_individually":false,"shipped_individually":false,"override_title":false,"title":"Traitement Naturel Baume \u00e0 L\u00e8vres &#8211; 100% Naturel avec Vanille et Huile d&#8217;Amande","override_description":false,"description":"Traitement Naturel Baume \u00e0 L\u00e8vres &#8211; 100% Naturel avec Vanille et Huile d&#8217;Amande","optional":false,"hide_thumbnail":false,"discount":"","override_variations":false,"allowed_variations":[""],"override_default_variation_attributes":false,"default_variation_attributes":[],"single_product_visibility":"visible","cart_visibility":"visible","order_visibility":"visible","single_product_price_visibility":"visible","cart_price_visibility":"visible","order_price_visibility":"visible","stock_status":"in_stock"}],"bundle_sell_ids":[],"acf":[],"taxonomy_info":{"product_cat":[{"value":474,"label":"Corps et Bain"},{"value":478,"label":"douche et bain"},{"value":538,"label":"rose bulgare"},{"value":539,"label":"classiques"},{"value":535,"label":"Cadeaux"},{"value":542,"label":"massage"},{"value":536,"label":"Homme"},{"value":475,"label":"cr\u00e8mes hydratantes"},{"value":570,"label":"Cadeaux"},{"value":573,"label":"Corps"},{"value":574,"label":"Rose bulgare"},{"value":575,"label":"Classiques"},{"value":488,"label":"Cadeaux pour elle et pour lui"},{"value":491,"label":"Massage"},{"value":492,"label":"Homme"},{"value":547,"label":"Mains"},{"value":552,"label":"pivoine blush"},{"value":550,"label":"pivoine blush &amp; rose artisanale"},{"value":554,"label":"classiques"},{"value":548,"label":"Homme"},{"value":502,"label":"scrub"},{"value":503,"label":"pain de savon"},{"value":584,"label":"bougies en cire de soja"},{"value":517,"label":"Soins des l\u00e8vres"},{"value":518,"label":"Massage"},{"value":559,"label":"Homme"},{"value":587,"label":"Corps"},{"value":589,"label":"Mains"},{"value":591,"label":"gommage"},{"value":592,"label":"douche et bain"},{"value":593,"label":"pain de savon"},{"value":530,"label":"Rose"},{"value":595,"label":"Rose Massage"},{"value":596,"label":"Hydratants \u00e0 la rose"},{"value":597,"label":"Gel douche et bain \u00e0 la rose"},{"value":598,"label":"Savon \u00e0 la rose"},{"value":600,"label":"Savons"}]},"featured_image_src_large":["https:\/\/scullys.eu\/wp-content\/uploads\/2022\/12\/HersHis-1024x1024.png",1024,1024,true],"author_info":[],"comment_info":"","_links":{"self":[{"href":"https:\/\/scullys.eu\/fr\/wp-json\/wp\/v2\/product\/5004","targetHints":{"allow":["GET"]}}],"collection":[{"href":"https:\/\/scullys.eu\/fr\/wp-json\/wp\/v2\/product"}],"about":[{"href":"https:\/\/scullys.eu\/fr\/wp-json\/wp\/v2\/types\/product"}],"wp:featuredmedia":[{"embeddable":true,"href":"https:\/\/scullys.eu\/fr\/wp-json\/wp\/v2\/media\/3227"}],"wp:attachment":[{"href":"https:\/\/scullys.eu\/fr\/wp-json\/wp\/v2\/media?parent=5004"}],"wp:term":[{"taxonomy":"product_brand","embeddable":true,"href":"https:\/\/scullys.eu\/fr\/wp-json\/wp\/v2\/product_brand?post=5004"},{"taxonomy":"product_cat","embeddable":true,"href":"https:\/\/scullys.eu\/fr\/wp-json\/wp\/v2\/product_cat?post=5004"},{"taxonomy":"product_tag","embeddable":true,"href":"https:\/\/scullys.eu\/fr\/wp-json\/wp\/v2\/product_tag?post=5004"}],"curies":[{"name":"wp","href":"https:\/\/api.w.org\/{rel}","templated":true}]}}