{"id":5000,"date":"2022-12-30T12:47:41","date_gmt":"2022-12-30T11:47:41","guid":{"rendered":"https:\/\/scullys.eu\/shop\/non%20class\u00e9\/bathing-indulgence-box-lavender\/"},"modified":"2024-10-01T00:01:35","modified_gmt":"2024-09-30T22:01:35","slug":"bathing-indulgence-box-lavender-white-box","status":"publish","type":"product","link":"https:\/\/scullys.eu\/fr\/corps\/douche-bain-soin-du-corps\/bathing-indulgence-box-lavender-white-box\/","title":{"rendered":"Coffret Plaisirs du Bain &#8211; Lavande"},"content":{"rendered":"","protected":false},"excerpt":{"rendered":"\n<p class=\"p1\">Un moment naturel, simple mais extraordinaire, d&rsquo;indulgence et de relaxation.<\/p>\n<p class=\"p1\">Notre coffret \u00a0\u00bb plaisir du bain \u00a0\u00bb propose une s\u00e9lection sp\u00e9ciale de produits \u00e0 base d&rsquo;huile essentielle de lavande pour une exp\u00e9rience de bain parfaite.<\/p>\n","protected":false},"featured_media":3149,"template":"","meta":{"_acf_changed":false,"_kad_blocks_custom_css":"","_kad_blocks_head_custom_js":"","_kad_blocks_body_custom_js":"","_kad_blocks_footer_custom_js":""},"product_brand":[],"product_cat":[474,478,533,539,541,542,475,482,570,571,573,575,488,490,491,547,498,499,503,586,516,515,508,510,511,518],"product_tag":[],"class_list":{"0":"post-5000","1":"product","2":"type-product","3":"status-publish","4":"has-post-thumbnail","6":"product_cat-corps","7":"product_cat-douche-bain-soin-du-corps","8":"product_cat-sels-de-bain-soins-du-corps","9":"product_cat-classiques-soins-du-corps","10":"product_cat-soins-du-corps-a-la-lavande","11":"product_cat-massage-soins-corporels","12":"product_cat-hydratants-soins-du-corps","13":"product_cat-huile-essentielle","14":"product_cat-cadeaux","15":"product_cat-bain-indulgence-cadeaux","16":"product_cat-cadeaux-corps","17":"product_cat-classiques-cadeaux","18":"product_cat-cadeaux-pour-elle-et-pour-lui","19":"product_cat-lavande-cadeaux","20":"product_cat-massage-cadeaux-fr","21":"product_cat-soins-des-mains","22":"product_cat-lavende-soins-des-mains","23":"product_cat-cremes-hydratantes-soins-des-mains","24":"product_cat-pain-de-savon-soins-des-mains","25":"product_cat-lavende","26":"product_cat-massage-a-la-lavande","27":"product_cat-lavender-massage-23-fr","28":"product_cat-hydratants-a-la-lavande","29":"product_cat-bain-et-douche-a-la-lavande","30":"product_cat-pain-de-savon-a-la-lavande","31":"product_cat-massage-fr","33":"first","34":"instock","35":"taxable","36":"shipping-taxable","37":"purchasable","38":"product-type-bundle"},"bundled_by":[],"bundle_stock_status":"instock","bundle_stock_quantity":49,"bundle_virtual":false,"bundle_layout":"default","bundle_add_to_cart_form_location":"default","bundle_editable_in_cart":false,"bundle_sold_individually_context":"product","bundle_item_grouping":"parent","bundle_min_size":"","bundle_max_size":"","bundled_items":[{"bundled_item_id":156,"product_id":5351,"menu_order":0,"quantity_min":1,"quantity_max":1,"quantity_default":1,"priced_individually":false,"shipped_individually":false,"override_title":false,"title":"Sels de Bain &#8211; Huile Essentielle de Lavande","override_description":false,"description":"Sels de Bain &#8211; Huile Essentielle de Lavande","optional":false,"hide_thumbnail":false,"discount":"","override_variations":false,"allowed_variations":[""],"override_default_variation_attributes":false,"default_variation_attributes":[],"single_product_visibility":"visible","cart_visibility":"visible","order_visibility":"visible","single_product_price_visibility":"visible","cart_price_visibility":"visible","order_price_visibility":"visible","stock_status":"in_stock"},{"bundled_item_id":157,"product_id":5528,"menu_order":1,"quantity_min":1,"quantity_max":1,"quantity_default":1,"priced_individually":false,"shipped_individually":false,"override_title":false,"title":"Gel douche et bain doux &#8211; Huile Essentielle de Lavande Purifiante","override_description":false,"description":"Gel douche et bain doux &#8211; Huile Essentielle de Lavande Purifiante","optional":false,"hide_thumbnail":false,"discount":"","override_variations":false,"allowed_variations":[""],"override_default_variation_attributes":false,"default_variation_attributes":[],"single_product_visibility":"visible","cart_visibility":"visible","order_visibility":"visible","single_product_price_visibility":"visible","cart_price_visibility":"visible","order_price_visibility":"visible","stock_status":"in_stock"},{"bundled_item_id":158,"product_id":5438,"menu_order":2,"quantity_min":1,"quantity_max":1,"quantity_default":1,"priced_individually":false,"shipped_individually":false,"override_title":false,"title":"Huile Naturelle de Bain et pour le Corps &#8211; Huiles Essentielles de Lavande et d&#8217;Amande","override_description":false,"description":"Huile Naturelle de Bain et pour le Corps &#8211; Huiles Essentielles de Lavande et d&#8217;Amande","optional":false,"hide_thumbnail":false,"discount":"","override_variations":false,"allowed_variations":[""],"override_default_variation_attributes":false,"default_variation_attributes":[],"single_product_visibility":"visible","cart_visibility":"visible","order_visibility":"visible","single_product_price_visibility":"visible","cart_price_visibility":"visible","order_price_visibility":"visible","stock_status":"in_stock"},{"bundled_item_id":159,"product_id":5486,"menu_order":3,"quantity_min":1,"quantity_max":1,"quantity_default":1,"priced_individually":false,"shipped_individually":false,"override_title":false,"title":"Savon Hydratant mains&#038;corps &#8211; Avec Huiles Essentielles de Lavande et Germe de Bl\u00e9","override_description":false,"description":"Savon Hydratant mains&#038;corps &#8211; Avec Huiles Essentielles de Lavande et Germe de Bl\u00e9","optional":false,"hide_thumbnail":false,"discount":"","override_variations":false,"allowed_variations":[""],"override_default_variation_attributes":false,"default_variation_attributes":[],"single_product_visibility":"visible","cart_visibility":"visible","order_visibility":"visible","single_product_price_visibility":"visible","cart_price_visibility":"visible","order_price_visibility":"visible","stock_status":"in_stock"},{"bundled_item_id":160,"product_id":5319,"menu_order":4,"quantity_min":1,"quantity_max":1,"quantity_default":1,"priced_individually":false,"shipped_individually":false,"override_title":false,"title":"Bougie Parfum\u00e9e en cire de soja &#8211; Huile Essentielle de Lavande","override_description":false,"description":"Bougie Parfum\u00e9e en cire de soja &#8211; Huile Essentielle de Lavande","optional":false,"hide_thumbnail":false,"discount":"","override_variations":false,"allowed_variations":[""],"override_default_variation_attributes":false,"default_variation_attributes":[],"single_product_visibility":"visible","cart_visibility":"visible","order_visibility":"visible","single_product_price_visibility":"visible","cart_price_visibility":"visible","order_price_visibility":"visible","stock_status":"in_stock"},{"bundled_item_id":161,"product_id":5390,"menu_order":5,"quantity_min":1,"quantity_max":1,"quantity_default":1,"priced_individually":false,"shipped_individually":false,"override_title":false,"title":"Traitement Naturel Huile Essentielle de Lavande Biologique","override_description":false,"description":"Traitement Naturel Huile Essentielle de Lavande Biologique","optional":false,"hide_thumbnail":false,"discount":"","override_variations":false,"allowed_variations":[""],"override_default_variation_attributes":false,"default_variation_attributes":[],"single_product_visibility":"visible","cart_visibility":"visible","order_visibility":"visible","single_product_price_visibility":"visible","cart_price_visibility":"visible","order_price_visibility":"visible","stock_status":"in_stock"}],"bundle_sell_ids":[],"acf":[],"taxonomy_info":{"product_cat":[{"value":474,"label":"Corps et Bain"},{"value":478,"label":"douche et bain"},{"value":533,"label":"Sels de bain soins du corps"},{"value":539,"label":"classiques"},{"value":541,"label":"lavande"},{"value":542,"label":"massage"},{"value":475,"label":"cr\u00e8mes hydratantes"},{"value":482,"label":"Huile Essentielle"},{"value":570,"label":"Cadeaux"},{"value":571,"label":"Le plaisir du bain"},{"value":573,"label":"Corps"},{"value":575,"label":"Classiques"},{"value":488,"label":"Cadeaux pour elle et pour lui"},{"value":490,"label":"Lavande"},{"value":491,"label":"Massage"},{"value":547,"label":"Mains"},{"value":498,"label":"lavande"},{"value":499,"label":"cr\u00e8mes hydratantes"},{"value":503,"label":"pain de savon"},{"value":586,"label":"Lavende"},{"value":516,"label":"Massage \u00e0 la lavande"},{"value":515,"label":"Lavender massage [disabled]"},{"value":508,"label":"Hydratants \u00e0 la lavande"},{"value":510,"label":"Bain et douche \u00e0 la lavande"},{"value":511,"label":"Pain de savon \u00e0 la lavande"},{"value":518,"label":"Massage"}]},"featured_image_src_large":["https:\/\/scullys.eu\/wp-content\/uploads\/2022\/12\/BathingIndulgenceLavender-1024x1024.png",1024,1024,true],"author_info":[],"comment_info":"","_links":{"self":[{"href":"https:\/\/scullys.eu\/fr\/wp-json\/wp\/v2\/product\/5000","targetHints":{"allow":["GET"]}}],"collection":[{"href":"https:\/\/scullys.eu\/fr\/wp-json\/wp\/v2\/product"}],"about":[{"href":"https:\/\/scullys.eu\/fr\/wp-json\/wp\/v2\/types\/product"}],"wp:featuredmedia":[{"embeddable":true,"href":"https:\/\/scullys.eu\/fr\/wp-json\/wp\/v2\/media\/3149"}],"wp:attachment":[{"href":"https:\/\/scullys.eu\/fr\/wp-json\/wp\/v2\/media?parent=5000"}],"wp:term":[{"taxonomy":"product_brand","embeddable":true,"href":"https:\/\/scullys.eu\/fr\/wp-json\/wp\/v2\/product_brand?post=5000"},{"taxonomy":"product_cat","embeddable":true,"href":"https:\/\/scullys.eu\/fr\/wp-json\/wp\/v2\/product_cat?post=5000"},{"taxonomy":"product_tag","embeddable":true,"href":"https:\/\/scullys.eu\/fr\/wp-json\/wp\/v2\/product_tag?post=5000"}],"curies":[{"name":"wp","href":"https:\/\/api.w.org\/{rel}","templated":true}]}}