{"id":4999,"date":"2022-12-30T12:49:24","date_gmt":"2022-12-30T11:49:24","guid":{"rendered":"https:\/\/scullys.eu\/shop\/non%20class\u00e9\/bathing-indulgence-box-bulgarian-rose\/"},"modified":"2024-10-01T00:01:36","modified_gmt":"2024-09-30T22:01:36","slug":"bathing-indulgence-box-rose-white-box","status":"publish","type":"product","link":"https:\/\/scullys.eu\/fr\/corps\/douche-bain-soin-du-corps\/bathing-indulgence-box-rose-white-box\/","title":{"rendered":"Coffret Plaisirs du Bain &#8211; Rose de Bulgarie"},"content":{"rendered":"","protected":false},"excerpt":{"rendered":"\n<p class=\"p1\">Un moment naturel, simple mais extraordinaire, d&rsquo;indulgence et de relaxation.<\/p>\n<p class=\"p1\">Notre coffret plaisir pour le bain offre une s\u00e9lection sp\u00e9ciale de produits \u00e0 l&rsquo;huile essentielle de rose pour une exp\u00e9rience de bain parfaite.<\/p>\n","protected":false},"featured_media":3153,"template":"","meta":{"_acf_changed":false,"_kad_blocks_custom_css":"","_kad_blocks_head_custom_js":"","_kad_blocks_body_custom_js":"","_kad_blocks_footer_custom_js":""},"product_brand":[],"product_cat":[474,478,533,538,539,535,542,475,570,571,573,574,575,487,491,547,553,554,499,503,518,530,595,596,597,598,600],"product_tag":[],"class_list":{"0":"post-4999","1":"product","2":"type-product","3":"status-publish","4":"has-post-thumbnail","6":"product_cat-corps","7":"product_cat-douche-bain-soin-du-corps","8":"product_cat-sels-de-bain-soins-du-corps","9":"product_cat-soins-du-corps-bulgares-rose","10":"product_cat-classiques-soins-du-corps","11":"product_cat-cadeaux-soins-du-corps","12":"product_cat-massage-soins-corporels","13":"product_cat-hydratants-soins-du-corps","14":"product_cat-cadeaux","15":"product_cat-bain-indulgence-cadeaux","16":"product_cat-cadeaux-corps","17":"product_cat-rose-bulgare-cadeaux","18":"product_cat-classiques-cadeaux","19":"product_cat-cadeaux-pour-les-mains","20":"product_cat-massage-cadeaux-fr","21":"product_cat-soins-des-mains","22":"product_cat-rose-bulgare-soins-des-mains","23":"product_cat-classiques-soins-des-mains","24":"product_cat-cremes-hydratantes-soins-des-mains","25":"product_cat-pain-de-savon-soins-des-mains","26":"product_cat-massage-fr","27":"product_cat-rose-fr","28":"product_cat-rose-massage-fr","29":"product_cat-hydratants-a-la-rose","30":"product_cat-gel-douche-et-bain-a-la-rose","31":"product_cat-savon-a-la-rose","32":"product_cat-savons","34":"first","35":"instock","36":"taxable","37":"shipping-taxable","38":"purchasable","39":"product-type-bundle"},"bundled_by":[],"bundle_stock_status":"instock","bundle_stock_quantity":37,"bundle_virtual":false,"bundle_layout":"default","bundle_add_to_cart_form_location":"default","bundle_editable_in_cart":false,"bundle_sold_individually_context":"product","bundle_item_grouping":"parent","bundle_min_size":"","bundle_max_size":"","bundled_items":[{"bundled_item_id":145,"product_id":5346,"menu_order":0,"quantity_min":1,"quantity_max":1,"quantity_default":1,"priced_individually":false,"shipped_individually":false,"override_title":false,"title":"Sels de Bain &#8211; Huiles Essentielles de Rose Bulgare et Camomille","override_description":false,"description":"Sels de Bain &#8211; Huiles Essentielles de Rose Bulgare et Camomille","optional":false,"hide_thumbnail":false,"discount":"","override_variations":false,"allowed_variations":[""],"override_default_variation_attributes":false,"default_variation_attributes":[],"single_product_visibility":"visible","cart_visibility":"visible","order_visibility":"visible","single_product_price_visibility":"visible","cart_price_visibility":"visible","order_price_visibility":"visible","stock_status":"in_stock"},{"bundled_item_id":146,"product_id":5523,"menu_order":1,"quantity_min":1,"quantity_max":1,"quantity_default":1,"priced_individually":false,"shipped_individually":false,"override_title":false,"title":"Gel Douche et Bain Doux &#8211; Huile Essentielle de Rose Bulgare","override_description":false,"description":"Gel Douche et Bain Doux &#8211; Huile Essentielle de Rose Bulgare","optional":false,"hide_thumbnail":false,"discount":"","override_variations":false,"allowed_variations":[""],"override_default_variation_attributes":false,"default_variation_attributes":[],"single_product_visibility":"visible","cart_visibility":"visible","order_visibility":"visible","single_product_price_visibility":"visible","cart_price_visibility":"visible","order_price_visibility":"visible","stock_status":"in_stock"},{"bundled_item_id":147,"product_id":5362,"menu_order":2,"quantity_min":1,"quantity_max":1,"quantity_default":1,"priced_individually":false,"shipped_individually":false,"override_title":false,"title":"Huile Naturelle de Bain et pour le Corps &#8211; Huiles Essentielles de Rose Bulgare, Amande, Bois de Santal et Ylang-Ylang","override_description":false,"description":"Huile Naturelle de Bain et pour le Corps &#8211; Huiles Essentielles de Rose Bulgare, Amande, Bois de Santal et Ylang-Ylang","optional":false,"hide_thumbnail":false,"discount":"","override_variations":false,"allowed_variations":[""],"override_default_variation_attributes":false,"default_variation_attributes":[],"single_product_visibility":"visible","cart_visibility":"visible","order_visibility":"visible","single_product_price_visibility":"visible","cart_price_visibility":"visible","order_price_visibility":"visible","stock_status":"in_stock"},{"bundled_item_id":148,"product_id":5493,"menu_order":3,"quantity_min":1,"quantity_max":1,"quantity_default":1,"priced_individually":false,"shipped_individually":false,"override_title":false,"title":"Savon Hydratant mains&#038;corps &#8211; Avec Huiles Essentielles de Rose de Bulgarie et Germe de Bl\u00e9","override_description":false,"description":"Savon Hydratant mains&#038;corps &#8211; Avec Huiles Essentielles de Rose de Bulgarie et Germe de Bl\u00e9","optional":false,"hide_thumbnail":false,"discount":"","override_variations":false,"allowed_variations":[""],"override_default_variation_attributes":false,"default_variation_attributes":[],"single_product_visibility":"visible","cart_visibility":"visible","order_visibility":"visible","single_product_price_visibility":"visible","cart_price_visibility":"visible","order_price_visibility":"visible","stock_status":"in_stock"},{"bundled_item_id":149,"product_id":5313,"menu_order":4,"quantity_min":1,"quantity_max":1,"quantity_default":1,"priced_individually":false,"shipped_individually":false,"override_title":false,"title":"Bougie Parfum\u00e9e en cire de soja &#8211; Huile Essentielle de Rose Bulgare","override_description":false,"description":"Bougie Parfum\u00e9e en cire de soja &#8211; Huile Essentielle de Rose Bulgare","optional":false,"hide_thumbnail":false,"discount":"","override_variations":false,"allowed_variations":[""],"override_default_variation_attributes":false,"default_variation_attributes":[],"single_product_visibility":"visible","cart_visibility":"visible","order_visibility":"visible","single_product_price_visibility":"visible","cart_price_visibility":"visible","order_price_visibility":"visible","stock_status":"in_stock"}],"bundle_sell_ids":[],"acf":[],"taxonomy_info":{"product_cat":[{"value":474,"label":"Corps et Bain"},{"value":478,"label":"douche et bain"},{"value":533,"label":"Sels de bain soins du corps"},{"value":538,"label":"rose bulgare"},{"value":539,"label":"classiques"},{"value":535,"label":"Cadeaux"},{"value":542,"label":"massage"},{"value":475,"label":"cr\u00e8mes hydratantes"},{"value":570,"label":"Cadeaux"},{"value":571,"label":"Le plaisir du bain"},{"value":573,"label":"Corps"},{"value":574,"label":"Rose bulgare"},{"value":575,"label":"Classiques"},{"value":487,"label":"Cadeaux pour les mains"},{"value":491,"label":"Massage"},{"value":547,"label":"Mains"},{"value":553,"label":"rose bulgare"},{"value":554,"label":"classiques"},{"value":499,"label":"cr\u00e8mes hydratantes"},{"value":503,"label":"pain de savon"},{"value":518,"label":"Massage"},{"value":530,"label":"Rose"},{"value":595,"label":"Rose Massage"},{"value":596,"label":"Hydratants \u00e0 la rose"},{"value":597,"label":"Gel douche et bain \u00e0 la rose"},{"value":598,"label":"Savon \u00e0 la rose"},{"value":600,"label":"Savons"}]},"featured_image_src_large":["https:\/\/scullys.eu\/wp-content\/uploads\/2022\/12\/BathingIndulgenceRose-1024x1024.png",1024,1024,true],"author_info":[],"comment_info":"","_links":{"self":[{"href":"https:\/\/scullys.eu\/fr\/wp-json\/wp\/v2\/product\/4999","targetHints":{"allow":["GET"]}}],"collection":[{"href":"https:\/\/scullys.eu\/fr\/wp-json\/wp\/v2\/product"}],"about":[{"href":"https:\/\/scullys.eu\/fr\/wp-json\/wp\/v2\/types\/product"}],"wp:featuredmedia":[{"embeddable":true,"href":"https:\/\/scullys.eu\/fr\/wp-json\/wp\/v2\/media\/3153"}],"wp:attachment":[{"href":"https:\/\/scullys.eu\/fr\/wp-json\/wp\/v2\/media?parent=4999"}],"wp:term":[{"taxonomy":"product_brand","embeddable":true,"href":"https:\/\/scullys.eu\/fr\/wp-json\/wp\/v2\/product_brand?post=4999"},{"taxonomy":"product_cat","embeddable":true,"href":"https:\/\/scullys.eu\/fr\/wp-json\/wp\/v2\/product_cat?post=4999"},{"taxonomy":"product_tag","embeddable":true,"href":"https:\/\/scullys.eu\/fr\/wp-json\/wp\/v2\/product_tag?post=4999"}],"curies":[{"name":"wp","href":"https:\/\/api.w.org\/{rel}","templated":true}]}}