{"id":4994,"date":"2022-12-30T12:50:39","date_gmt":"2022-12-30T11:50:39","guid":{"rendered":"https:\/\/scullys.eu\/shop\/non%20class\u00e9\/hand-care-pack-lavender\/"},"modified":"2024-10-01T00:01:36","modified_gmt":"2024-09-30T22:01:36","slug":"hand-care-pack-lavender-black-box","status":"publish","type":"product","link":"https:\/\/scullys.eu\/fr\/cadeaux\/classiques-cadeaux\/hand-care-pack-lavender-black-box\/","title":{"rendered":"Coffret Soin des Mains &#8211; Lavande"},"content":{"rendered":"","protected":false},"excerpt":{"rendered":"\n<p class=\"p1\">Les mains sont probablement les parties du corps les plus utilis\u00e9es et les plus expos\u00e9es.<\/p>\n<p class=\"p1\">Ce coffret sp\u00e9cial contient tout ce qu&rsquo;il faut pour un soin optimal de la peau des mains.<\/p>\n<p class=\"p1\">Comprend une brosse \u00e0 ongles naturelle Scullys gratuite.<\/p>\n","protected":false},"featured_media":3209,"template":"","meta":{"_acf_changed":false,"_kad_blocks_custom_css":"","_kad_blocks_head_custom_js":"","_kad_blocks_body_custom_js":"","_kad_blocks_footer_custom_js":""},"product_brand":[],"product_cat":[570,575,487,488,490,492,547,554,497,498,548,499,502,503,586,507,508,509,511,559,589,590,591,593],"product_tag":[],"class_list":{"0":"post-4994","1":"product","2":"type-product","3":"status-publish","4":"has-post-thumbnail","6":"product_cat-cadeaux","7":"product_cat-classiques-cadeaux","8":"product_cat-cadeaux-pour-les-mains","9":"product_cat-cadeaux-pour-elle-et-pour-lui","10":"product_cat-lavande-cadeaux","11":"product_cat-homme-cadeaux","12":"product_cat-soins-des-mains","13":"product_cat-classiques-soins-des-mains","14":"product_cat-lavage-a-la-main-soins-des-mains","15":"product_cat-lavende-soins-des-mains","16":"product_cat-homme-soins-des-mains","17":"product_cat-cremes-hydratantes-soins-des-mains","18":"product_cat-scrub-hand-care-fr","19":"product_cat-pain-de-savon-soins-des-mains","20":"product_cat-lavende","21":"product_cat-gel-douche-a-la-lavande","22":"product_cat-hydratants-a-la-lavande","23":"product_cat-gommage-a-la-lavande","24":"product_cat-pain-de-savon-a-la-lavande","25":"product_cat-homme","26":"product_cat-mains","27":"product_cat-cremes-hydratantes-homme","28":"product_cat-gommage-homme","29":"product_cat-pain-de-savon-homme","31":"first","32":"instock","33":"taxable","34":"shipping-taxable","35":"purchasable","36":"product-type-bundle"},"bundled_by":[],"bundle_stock_status":"instock","bundle_stock_quantity":77,"bundle_virtual":false,"bundle_layout":"default","bundle_add_to_cart_form_location":"default","bundle_editable_in_cart":false,"bundle_sold_individually_context":"product","bundle_item_grouping":"parent","bundle_min_size":"","bundle_max_size":"","bundled_items":[{"bundled_item_id":136,"product_id":5573,"menu_order":0,"quantity_min":1,"quantity_max":1,"quantity_default":1,"priced_individually":false,"shipped_individually":false,"override_title":false,"title":"D\u00e9tergent Mains Hydratation Souple &#8211; Huile Essentielle de Lavande Purifiante","override_description":false,"description":"D\u00e9tergent Mains Hydratation Souple &#8211; Huile Essentielle de Lavande Purifiante","optional":false,"hide_thumbnail":false,"discount":"","override_variations":false,"allowed_variations":[""],"override_default_variation_attributes":false,"default_variation_attributes":[],"single_product_visibility":"visible","cart_visibility":"visible","order_visibility":"visible","single_product_price_visibility":"visible","cart_price_visibility":"visible","order_price_visibility":"visible","stock_status":"in_stock"},{"bundled_item_id":137,"product_id":5486,"menu_order":1,"quantity_min":1,"quantity_max":1,"quantity_default":1,"priced_individually":false,"shipped_individually":false,"override_title":false,"title":"Savon Hydratant mains&#038;corps &#8211; Avec Huiles Essentielles de Lavande et Germe de Bl\u00e9","override_description":false,"description":"Savon Hydratant mains&#038;corps &#8211; Avec Huiles Essentielles de Lavande et Germe de Bl\u00e9","optional":false,"hide_thumbnail":false,"discount":"","override_variations":false,"allowed_variations":[""],"override_default_variation_attributes":false,"default_variation_attributes":[],"single_product_visibility":"visible","cart_visibility":"visible","order_visibility":"visible","single_product_price_visibility":"visible","cart_price_visibility":"visible","order_price_visibility":"visible","stock_status":"in_stock"},{"bundled_item_id":138,"product_id":5336,"menu_order":2,"quantity_min":1,"quantity_max":1,"quantity_default":1,"priced_individually":false,"shipped_individually":false,"override_title":false,"title":"Exfoliant pour les Mains &#8211; Coque de Noix moulue avec Huiles Essentielles de Lavande, Pamplemousse, Citron et Amande","override_description":false,"description":"Exfoliant pour les Mains &#8211; Coque de Noix moulue avec Huiles Essentielles de Lavande, Pamplemousse, Citron et Amande","optional":false,"hide_thumbnail":false,"discount":"","override_variations":false,"allowed_variations":[""],"override_default_variation_attributes":false,"default_variation_attributes":[],"single_product_visibility":"visible","cart_visibility":"visible","order_visibility":"visible","single_product_price_visibility":"visible","cart_price_visibility":"visible","order_price_visibility":"visible","stock_status":"in_stock"},{"bundled_item_id":139,"product_id":5432,"menu_order":3,"quantity_min":1,"quantity_max":1,"quantity_default":1,"priced_individually":false,"shipped_individually":false,"override_title":false,"title":"Cr\u00e8me pour les Mains Hydratation Naturelle &#8211; Huile Essentielle de Lavande et Vitamine E","override_description":false,"description":"Cr\u00e8me pour les Mains Hydratation Naturelle &#8211; Huile Essentielle de Lavande et Vitamine E","optional":false,"hide_thumbnail":false,"discount":"","override_variations":false,"allowed_variations":[""],"override_default_variation_attributes":false,"default_variation_attributes":[],"single_product_visibility":"visible","cart_visibility":"visible","order_visibility":"visible","single_product_price_visibility":"visible","cart_price_visibility":"visible","order_price_visibility":"visible","stock_status":"in_stock"}],"bundle_sell_ids":[],"acf":[],"taxonomy_info":{"product_cat":[{"value":570,"label":"Cadeaux"},{"value":575,"label":"Classiques"},{"value":487,"label":"Cadeaux pour les mains"},{"value":488,"label":"Cadeaux pour elle et pour lui"},{"value":490,"label":"Lavande"},{"value":492,"label":"Homme"},{"value":547,"label":"Mains"},{"value":554,"label":"classiques"},{"value":497,"label":"D\u00e9tergent Mains"},{"value":498,"label":"lavande"},{"value":548,"label":"Homme"},{"value":499,"label":"cr\u00e8mes hydratantes"},{"value":502,"label":"scrub"},{"value":503,"label":"pain de savon"},{"value":586,"label":"Lavende"},{"value":507,"label":"Gel douche \u00e0 la lavande"},{"value":508,"label":"Hydratants \u00e0 la lavande"},{"value":509,"label":"Gommage \u00e0 la lavande"},{"value":511,"label":"Pain de savon \u00e0 la lavande"},{"value":559,"label":"Homme"},{"value":589,"label":"Mains"},{"value":590,"label":"cr\u00e8mes hydratantes"},{"value":591,"label":"gommage"},{"value":593,"label":"pain de savon"}]},"featured_image_src_large":["https:\/\/scullys.eu\/wp-content\/uploads\/2022\/12\/HandCare_Lavender-1024x1024.png",1024,1024,true],"author_info":[],"comment_info":"","_links":{"self":[{"href":"https:\/\/scullys.eu\/fr\/wp-json\/wp\/v2\/product\/4994","targetHints":{"allow":["GET"]}}],"collection":[{"href":"https:\/\/scullys.eu\/fr\/wp-json\/wp\/v2\/product"}],"about":[{"href":"https:\/\/scullys.eu\/fr\/wp-json\/wp\/v2\/types\/product"}],"wp:featuredmedia":[{"embeddable":true,"href":"https:\/\/scullys.eu\/fr\/wp-json\/wp\/v2\/media\/3209"}],"wp:attachment":[{"href":"https:\/\/scullys.eu\/fr\/wp-json\/wp\/v2\/media?parent=4994"}],"wp:term":[{"taxonomy":"product_brand","embeddable":true,"href":"https:\/\/scullys.eu\/fr\/wp-json\/wp\/v2\/product_brand?post=4994"},{"taxonomy":"product_cat","embeddable":true,"href":"https:\/\/scullys.eu\/fr\/wp-json\/wp\/v2\/product_cat?post=4994"},{"taxonomy":"product_tag","embeddable":true,"href":"https:\/\/scullys.eu\/fr\/wp-json\/wp\/v2\/product_tag?post=4994"}],"curies":[{"name":"wp","href":"https:\/\/api.w.org\/{rel}","templated":true}]}}