{"id":4710,"date":"2022-09-28T01:41:24","date_gmt":"2022-09-28T01:41:24","guid":{"rendered":"https:\/\/scullys.eu\/expedition-et-retours\/"},"modified":"2022-09-28T01:41:24","modified_gmt":"2022-09-28T01:41:24","slug":"expedition-et-retours","status":"publish","type":"page","link":"https:\/\/scullys.eu\/fr\/expedition-et-retours\/","title":{"rendered":"Exp\u00e9dition et retours"},"content":{"rendered":"<p>Nos commandes sont exp\u00e9di\u00e9es par DHL (avec Track &amp; Trace) vers les pays suivants :<\/p>\n<ul>\n<li>Pays-Bas (d\u00e9lai de livraison de 1 \u00e0 3 jours ouvrables, frais de port : 6,70 \u20ac)<\/li>\n<li>Belgique (d\u00e9lai de livraison de 2 \u00e0 4 jours ouvrables, frais d&rsquo;exp\u00e9dition : 8,98 \u20ac)<\/li>\n<\/ul>\n<h3>Renvoie \u00e0<\/h3>\n<p>Tous les retours doivent \u00eatre envoy\u00e9s dans les 14 jours suivant la date d&rsquo;achat, le cachet de la poste faisant foi. Tous les articles retourn\u00e9s doivent \u00eatre dans un \u00e9tat neuf et non utilis\u00e9, avec toutes les \u00e9tiquettes d&rsquo;origine.<\/p>\n<h3><\/h3>\n<h3>Processus de retour<\/h3>\n<p>Pour retourner un article, placez l&rsquo;article dans son emballage d&rsquo;origine et le bordereau d&rsquo;exp\u00e9dition ou la facture fournie, puis envoyez votre retour \u00e0 l&rsquo;adresse suivante :<\/p>\n<p>MiaCommerce B.V.<br \/>\nde Burcht 2<br \/>\n1536 AJ Markenbinnen<br \/>\nLes Pays-Bas<\/p>\n<h3><\/h3>\n<h3>Remboursements<\/h3>\n<p>Apr\u00e8s avoir re\u00e7u votre retour et inspect\u00e9 l&rsquo;\u00e9tat de votre article, nous traiterons votre retour. Veuillez pr\u00e9voir jusqu&rsquo;\u00e0 7 jours \u00e0 compter de la r\u00e9ception de votre article pour traiter votre retour. Les remboursements peuvent prendre 1 \u00e0 2 cycles de facturation pour appara\u00eetre sur votre relev\u00e9 bancaire ou de carte de cr\u00e9dit. Nous vous informerons par e-mail lorsque votre retour aura \u00e9t\u00e9 trait\u00e9.<\/p>\n<h3><\/h3>\n<h3>Exceptions<\/h3>\n<p>Pour les produits d\u00e9fectueux ou endommag\u00e9s, veuillez nous contacter pour organiser un remboursement ou un \u00e9change.<\/p>\n<p>&nbsp;<\/p>\n","protected":false},"excerpt":{"rendered":"<p>Nos commandes sont exp\u00e9di\u00e9es par DHL (avec Track &amp; Trace) vers les pays suivants : Pays-Bas (d\u00e9lai de livraison de 1 \u00e0 3 jours ouvrables, frais de port : 6,70 \u20ac) Belgique (d\u00e9lai de livraison de 2 \u00e0 4 jours ouvrables, frais d&rsquo;exp\u00e9dition : 8,98 \u20ac) Renvoie \u00e0 Tous les retours doivent \u00eatre envoy\u00e9s dans [&hellip;]<\/p>\n","protected":false},"author":1,"featured_media":0,"parent":0,"menu_order":0,"comment_status":"closed","ping_status":"closed","template":"","meta":{"_acf_changed":false,"_kad_blocks_custom_css":"","_kad_blocks_head_custom_js":"","_kad_blocks_body_custom_js":"","_kad_blocks_footer_custom_js":"","footnotes":""},"class_list":["post-4710","page","type-page","status-publish","hentry"],"blocksy_meta":{"styles_descriptor":{"styles":{"desktop":"","tablet":"","mobile":""},"google_fonts":[],"version":5}},"acf":[],"taxonomy_info":[],"featured_image_src_large":false,"author_info":{"display_name":"","author_link":"https:\/\/scullys.eu\/fr\/author\/"},"comment_info":0,"_links":{"self":[{"href":"https:\/\/scullys.eu\/fr\/wp-json\/wp\/v2\/pages\/4710","targetHints":{"allow":["GET"]}}],"collection":[{"href":"https:\/\/scullys.eu\/fr\/wp-json\/wp\/v2\/pages"}],"about":[{"href":"https:\/\/scullys.eu\/fr\/wp-json\/wp\/v2\/types\/page"}],"author":[{"embeddable":true,"href":"https:\/\/scullys.eu\/fr\/wp-json\/wp\/v2\/users\/1"}],"replies":[{"embeddable":true,"href":"https:\/\/scullys.eu\/fr\/wp-json\/wp\/v2\/comments?post=4710"}],"version-history":[{"count":0,"href":"https:\/\/scullys.eu\/fr\/wp-json\/wp\/v2\/pages\/4710\/revisions"}],"wp:attachment":[{"href":"https:\/\/scullys.eu\/fr\/wp-json\/wp\/v2\/media?parent=4710"}],"curies":[{"name":"wp","href":"https:\/\/api.w.org\/{rel}","templated":true}]}}