{"id":4558,"date":"2022-09-17T20:43:34","date_gmt":"2022-09-17T18:43:34","guid":{"rendered":"https:\/\/scullys.eu\/histoire\/"},"modified":"2023-03-16T15:37:57","modified_gmt":"2023-03-16T14:37:57","slug":"histoire","status":"publish","type":"page","link":"https:\/\/scullys.eu\/fr\/histoire\/","title":{"rendered":"Histoire"},"content":{"rendered":"<style>.kb-row-layout-wrap.wp-block-kadence-rowlayout.kb-row-layout-id_e9f657-d2{margin-top:0px;}.kb-row-layout-id_e9f657-d2 > .kt-row-column-wrap{align-content:start;}:where(.kb-row-layout-id_e9f657-d2 > .kt-row-column-wrap) > .wp-block-kadence-column{justify-content:start;}.kb-row-layout-id_e9f657-d2 > .kt-row-column-wrap{column-gap:var(--global-kb-gap-md, 2rem);row-gap:var(--global-kb-gap-md, 2rem);padding-top:20px;padding-bottom:20px;grid-template-columns:minmax(0, 1fr) minmax(0, 2fr);}.kb-row-layout-id_e9f657-d2{background-image:url('https:\/\/scullys.eu\/wp-content\/uploads\/2023\/01\/house-side-on-resized4cropped.jpg');background-size:cover;background-position:center center;background-attachment:scroll;background-repeat:no-repeat;}.kb-row-layout-id_e9f657-d2 > .kt-row-layout-overlay{opacity:0.70;background-color:var(--paletteColor6, #404040);}@media all and (max-width: 1024px){.kb-row-layout-id_e9f657-d2 > .kt-row-column-wrap{grid-template-columns:repeat(2, minmax(0, 1fr));}}@media all and (max-width: 767px){.kb-row-layout-id_e9f657-d2 > .kt-row-column-wrap{grid-template-columns:minmax(0, 1fr);}}<\/style><div class=\"kb-row-layout-wrap kb-row-layout-id_e9f657-d2 alignnone kt-row-has-bg wp-block-kadence-rowlayout\"><div class=\"kt-row-layout-overlay kt-row-overlay-normal\"><\/div><div class=\"kt-row-column-wrap kt-has-2-columns kt-row-layout-right-golden kt-tab-layout-inherit kt-mobile-layout-row kt-row-valign-top\">\n<style>.kadence-column_8dba3c-ed > .kt-inside-inner-col,.kadence-column_8dba3c-ed > .kt-inside-inner-col:before{border-top-left-radius:0px;border-top-right-radius:0px;border-bottom-right-radius:0px;border-bottom-left-radius:0px;}.kadence-column_8dba3c-ed > .kt-inside-inner-col:before{opacity:0.3;}.kadence-column_8dba3c-ed{position:relative;}<\/style>\n<div class=\"wp-block-kadence-column kadence-column_8dba3c-ed inner-column-1\"><div class=\"kt-inside-inner-col\"><style>.kadence-column_b48d0b-4d, .kt-inside-inner-col > .kadence-column_b48d0b-4d:not(.specificity){margin-top:120px;}.kadence-column_b48d0b-4d > .kt-inside-inner-col,.kadence-column_b48d0b-4d > .kt-inside-inner-col:before{border-top-left-radius:0px;border-top-right-radius:0px;border-bottom-right-radius:0px;border-bottom-left-radius:0px;}.kadence-column_b48d0b-4d > .kt-inside-inner-col:before{opacity:0.3;}.kadence-column_b48d0b-4d{position:relative;}@media all and (max-width: 767px){.kadence-column_b48d0b-4d, .kt-inside-inner-col > .kadence-column_b48d0b-4d:not(.specificity){margin-top:0px;}}<\/style>\n<div class=\"wp-block-kadence-column kadence-column_b48d0b-4d inner-column-1\"><div class=\"kt-inside-inner-col\">\n<figure class=\"wp-block-embed is-type-video is-provider-youtube wp-block-embed-youtube wp-embed-aspect-16-9 wp-has-aspect-ratio\"><div class=\"wp-block-embed__wrapper\">\n<iframe loading=\"lazy\" title=\"Scullys   Buy NZ Made   Version 3 1\" width=\"1360\" height=\"765\" src=\"https:\/\/www.youtube.com\/embed\/eVE8TOqQAVQ?feature=oembed\" frameborder=\"0\" allow=\"accelerometer; autoplay; clipboard-write; encrypted-media; gyroscope; picture-in-picture; web-share\" allowfullscreen><\/iframe>\n<\/div><\/figure>\n<\/div><\/div>\n<\/div><\/div>\n\n\n<style>.kadence-column_312780-dc > .kt-inside-inner-col,.kadence-column_312780-dc > .kt-inside-inner-col:before{border-top-left-radius:0px;border-top-right-radius:0px;border-bottom-right-radius:0px;border-bottom-left-radius:0px;}.kadence-column_312780-dc > .kt-inside-inner-col:before{opacity:0.3;}.kadence-column_312780-dc{position:relative;}<\/style>\n<div class=\"wp-block-kadence-column kadence-column_312780-dc inner-column-2\"><div class=\"kt-inside-inner-col\"><style>.kadence-column_1bd05d-55 > .kt-inside-inner-col,.kadence-column_1bd05d-55 > .kt-inside-inner-col:before{border-top-left-radius:0px;border-top-right-radius:0px;border-bottom-right-radius:0px;border-bottom-left-radius:0px;}.kadence-column_1bd05d-55 > .kt-inside-inner-col:before{opacity:0.3;}.kadence-column_1bd05d-55{position:relative;}<\/style>\n<div class=\"wp-block-kadence-column kadence-column_1bd05d-55 inner-column-1\"><div class=\"kt-inside-inner-col\"><style>.kadence-column_4892e3-f7, .kt-inside-inner-col > .kadence-column_4892e3-f7:not(.specificity){margin-top:54px;}.kadence-column_4892e3-f7 > .kt-inside-inner-col{border-bottom:2px solid #ffffff;}.kadence-column_4892e3-f7 > .kt-inside-inner-col,.kadence-column_4892e3-f7 > .kt-inside-inner-col:before{border-top-left-radius:0px;border-top-right-radius:0px;border-bottom-right-radius:0px;border-bottom-left-radius:0px;}.kadence-column_4892e3-f7 > .kt-inside-inner-col:before{opacity:0.3;}.kadence-column_4892e3-f7{text-align:left;}.kadence-column_4892e3-f7{position:relative;}@media all and (max-width: 1024px){.kadence-column_4892e3-f7 > .kt-inside-inner-col{border-bottom:2px solid #ffffff;}}@media all and (max-width: 767px){.kadence-column_4892e3-f7 > .kt-inside-inner-col{border-bottom:2px solid #ffffff;}}<\/style>\n<div class=\"wp-block-kadence-column kadence-column_4892e3-f7 kb-section-dir-vertical inner-column-1\"><div class=\"kt-inside-inner-col\">\n<p><\/p>\n\n\n\n<p><\/p>\n\n\n\n<p><\/p>\n\n\n\n<h2 class=\"has-text-align-right has-palette-color-8-color has-text-color wp-block-heading\" style=\"margin-top:0;margin-right:0;margin-bottom:0;margin-left:0\">Notre histoire<\/h2>\n<\/div><\/div>\n\n\n<style>.kadence-column_196d22-ee > .kt-inside-inner-col,.kadence-column_196d22-ee > .kt-inside-inner-col:before{border-top-left-radius:0px;border-top-right-radius:0px;border-bottom-right-radius:0px;border-bottom-left-radius:0px;}.kadence-column_196d22-ee > .kt-inside-inner-col:before{opacity:0.3;}.kadence-column_196d22-ee{text-align:left;}.kadence-column_196d22-ee{position:relative;}<\/style>\n<div class=\"wp-block-kadence-column kadence-column_196d22-ee inner-column-1\"><div class=\"kt-inside-inner-col\">\n<p><\/p>\n\n\n\n<p><\/p>\n\n\n\n<p class=\"has-text-align-left has-palette-color-8-color has-text-color\"><strong>1992 a \u00e9t\u00e9 le d\u00e9but. 30 ans plus tard, SCULLYS est devenu un nom connu de tous. Judy et Gerry Scully ont \u00e9t\u00e9 inspir\u00e9s par les champs de lavande \u00e0 l&rsquo;\u00e9tranger et ont d\u00e9cid\u00e9 de transformer l&rsquo;inspiration en r\u00e9alit\u00e9. Les champs de bleu sont vite devenus le paysage de leur propri\u00e9t\u00e9 rurale situ\u00e9e \u00e0 5 km de Bulls, au c\u0153ur du Rangitikei, en Nouvelle-Z\u00e9lande. Cela s&rsquo;est transform\u00e9 en une entreprise florissante.<\/strong><\/p>\n<\/div><\/div>\n<\/div><\/div>\n<\/div><\/div>\n\n<\/div><\/div>\n\n<style>.kb-row-layout-wrap.wp-block-kadence-rowlayout.kb-row-layout-id_242061-e7{margin-top:32px;margin-bottom:32px;}.kb-row-layout-id_242061-e7 > .kt-row-column-wrap{align-content:start;}:where(.kb-row-layout-id_242061-e7 > .kt-row-column-wrap) > .wp-block-kadence-column{justify-content:start;}.kb-row-layout-id_242061-e7 > .kt-row-column-wrap{column-gap:var(--global-kb-gap-md, 2rem);row-gap:var(--global-kb-gap-md, 2rem);padding-top:120px;padding-bottom:120px;grid-template-columns:minmax(0, 1fr);}.kb-row-layout-id_242061-e7{background-image:url('https:\/\/scullys.eu\/wp-content\/uploads\/2023\/01\/BJ-AND-SAMcropped.jpg');background-size:cover;background-position:21% 0%;background-attachment:scroll;background-repeat:no-repeat;}.kb-row-layout-id_242061-e7 > .kt-row-layout-overlay{opacity:0.70;background-color:var(--paletteColor6, #404040);}@media all and (max-width: 1024px){.kb-row-layout-id_242061-e7 > .kt-row-column-wrap{grid-template-columns:minmax(0, 1fr);}}@media all and (max-width: 767px){.kb-row-layout-id_242061-e7 > .kt-row-column-wrap{grid-template-columns:minmax(0, 1fr);}}<\/style><div class=\"kb-row-layout-wrap kb-row-layout-id_242061-e7 alignnone kt-row-has-bg wp-block-kadence-rowlayout\"><div class=\"kt-row-layout-overlay kt-row-overlay-normal\"><\/div><div class=\"kt-row-column-wrap kt-has-1-columns kt-row-layout-equal kt-tab-layout-inherit kt-mobile-layout-row kt-row-valign-top\">\n<style>.kadence-column_8089a5-1c > .kt-inside-inner-col,.kadence-column_8089a5-1c > .kt-inside-inner-col:before{border-top-left-radius:0px;border-top-right-radius:0px;border-bottom-right-radius:0px;border-bottom-left-radius:0px;}.kadence-column_8089a5-1c > .kt-inside-inner-col:before{opacity:0.3;}.kadence-column_8089a5-1c{position:relative;}<\/style>\n<div class=\"wp-block-kadence-column kadence-column_8089a5-1c inner-column-1\"><div class=\"kt-inside-inner-col\"><style>.kb-row-layout-id_287b10-26 > .kt-row-column-wrap{align-content:start;}:where(.kb-row-layout-id_287b10-26 > .kt-row-column-wrap) > .wp-block-kadence-column{justify-content:start;}.kb-row-layout-id_287b10-26 > .kt-row-column-wrap{column-gap:var(--global-kb-gap-md, 2rem);row-gap:var(--global-kb-gap-md, 2rem);max-width:1360px;padding-top:0px;padding-bottom:25px;grid-template-columns:minmax(0, 1fr);}.kb-row-layout-id_287b10-26 > .kt-row-layout-overlay{opacity:0.30;}@media all and (max-width: 1024px){.kb-row-layout-id_287b10-26 > .kt-row-column-wrap{grid-template-columns:minmax(0, 1fr);}}@media all and (max-width: 767px){.kb-row-layout-id_287b10-26 > .kt-row-column-wrap{grid-template-columns:minmax(0, 1fr);}}<\/style><div class=\"kb-row-layout-wrap kb-row-layout-id_287b10-26 alignnone wp-block-kadence-rowlayout\"><div class=\"kt-row-column-wrap kt-has-1-columns kt-row-layout-equal kt-tab-layout-inherit kt-mobile-layout-row kt-row-valign-top kb-theme-content-width\">\n<style>.kadence-column_4477ad-03 > .kt-inside-inner-col{padding-top:0px;}.kadence-column_4477ad-03 > .kt-inside-inner-col,.kadence-column_4477ad-03 > .kt-inside-inner-col:before{border-top-left-radius:0px;border-top-right-radius:0px;border-bottom-right-radius:0px;border-bottom-left-radius:0px;}.kadence-column_4477ad-03 > .kt-inside-inner-col:before{opacity:0.3;}.kadence-column_4477ad-03{position:relative;}<\/style>\n<div class=\"wp-block-kadence-column kadence-column_4477ad-03 inner-column-1\"><div class=\"kt-inside-inner-col\"><style>.kadence-column_1fa335-03 > .kt-inside-inner-col,.kadence-column_1fa335-03 > .kt-inside-inner-col:before{border-top-left-radius:0px;border-top-right-radius:0px;border-bottom-right-radius:0px;border-bottom-left-radius:0px;}.kadence-column_1fa335-03 > .kt-inside-inner-col:before{opacity:0.3;}.kadence-column_1fa335-03{position:relative;}<\/style>\n<div class=\"wp-block-kadence-column kadence-column_1fa335-03 inner-column-1\"><div class=\"kt-inside-inner-col\"><style>.kadence-column_c07940-f4, .kt-inside-inner-col > .kadence-column_c07940-f4:not(.specificity){margin-top:54px;}.kadence-column_c07940-f4 > .kt-inside-inner-col{border-bottom:2px solid #ffffff;}.kadence-column_c07940-f4 > .kt-inside-inner-col,.kadence-column_c07940-f4 > .kt-inside-inner-col:before{border-top-left-radius:0px;border-top-right-radius:0px;border-bottom-right-radius:0px;border-bottom-left-radius:0px;}.kadence-column_c07940-f4 > .kt-inside-inner-col:before{opacity:0.3;}.kadence-column_c07940-f4{text-align:left;}.kadence-column_c07940-f4{position:relative;}@media all and (max-width: 1024px){.kadence-column_c07940-f4 > .kt-inside-inner-col{border-bottom:2px solid #ffffff;}}@media all and (max-width: 767px){.kadence-column_c07940-f4 > .kt-inside-inner-col{border-bottom:2px solid #ffffff;}}<\/style>\n<div class=\"wp-block-kadence-column kadence-column_c07940-f4 kb-section-dir-vertical inner-column-1\"><div class=\"kt-inside-inner-col\">\n<h2 class=\"has-text-align-left has-palette-color-8-color has-text-color wp-block-heading\" style=\"margin-top:0;margin-right:0;margin-bottom:0;margin-left:0\">Scullys<\/h2>\n<\/div><\/div>\n\n\n<style>.kb-row-layout-id_3b9e8a-b9 > .kt-row-column-wrap{align-content:start;}:where(.kb-row-layout-id_3b9e8a-b9 > .kt-row-column-wrap) > .wp-block-kadence-column{justify-content:start;}.kb-row-layout-id_3b9e8a-b9 > .kt-row-column-wrap{column-gap:var(--global-kb-gap-md, 2rem);row-gap:var(--global-kb-gap-md, 2rem);padding-top:var(--global-kb-spacing-sm, 1.5rem);padding-bottom:var(--global-kb-spacing-sm, 1.5rem);grid-template-columns:repeat(2, minmax(0, 1fr));}.kb-row-layout-id_3b9e8a-b9 > .kt-row-layout-overlay{opacity:0.30;}@media all and (max-width: 1024px){.kb-row-layout-id_3b9e8a-b9 > .kt-row-column-wrap{grid-template-columns:repeat(2, minmax(0, 1fr));}}@media all and (max-width: 767px){.kb-row-layout-id_3b9e8a-b9 > .kt-row-column-wrap{grid-template-columns:minmax(0, 1fr);}}<\/style><div class=\"kb-row-layout-wrap kb-row-layout-id_3b9e8a-b9 alignnone wp-block-kadence-rowlayout\"><div class=\"kt-row-column-wrap kt-has-2-columns kt-row-layout-equal kt-tab-layout-inherit kt-mobile-layout-row kt-row-valign-top\">\n<style>.kadence-column_adf2b1-33 > .kt-inside-inner-col,.kadence-column_adf2b1-33 > .kt-inside-inner-col:before{border-top-left-radius:0px;border-top-right-radius:0px;border-bottom-right-radius:0px;border-bottom-left-radius:0px;}.kadence-column_adf2b1-33 > .kt-inside-inner-col:before{opacity:0.3;}.kadence-column_adf2b1-33{position:relative;}<\/style>\n<div class=\"wp-block-kadence-column kadence-column_adf2b1-33 inner-column-1\"><div class=\"kt-inside-inner-col\"><\/div><\/div>\n\n\n<style>.kadence-column_d53af9-a9 > .kt-inside-inner-col,.kadence-column_d53af9-a9 > .kt-inside-inner-col:before{border-top-left-radius:0px;border-top-right-radius:0px;border-bottom-right-radius:0px;border-bottom-left-radius:0px;}.kadence-column_d53af9-a9 > .kt-inside-inner-col:before{opacity:0.3;}.kadence-column_d53af9-a9{position:relative;}<\/style>\n<div class=\"wp-block-kadence-column kadence-column_d53af9-a9 inner-column-2\"><div class=\"kt-inside-inner-col\">\n<p class=\"has-text-align-right has-palette-color-8-color has-text-color\">La Lavandula Angustafolia a \u00e9t\u00e9 r\u00e9colt\u00e9e et l&rsquo;huile utilis\u00e9e dans les produits uniques pour le bain, le corps et la maison. D&rsquo;autres parfums ont ensuite \u00e9t\u00e9 d\u00e9velopp\u00e9s, notamment Bulgarian Rose, Blush Peony et Gardenia. Tous les produits ont \u00e9t\u00e9 con\u00e7us pour \u00eatre s\u00fbrs, durables, nourrissants et am\u00e9liorer le corps et la maison.<\/p>\n\n\n\n<p class=\"has-text-align-right has-palette-color-8-color has-text-color\">Chez Scullys, nous nous engageons \u00e0 continuer \u00e0 travailler aux c\u00f4t\u00e9s de la nature pour vous offrir des produits toujours nouveaux et passionnants et vous permettre de d\u00e9couvrir la vraie campagne n\u00e9o-z\u00e9landaise !<\/p>\n<\/div><\/div>\n\n<\/div><\/div><\/div><\/div>\n<\/div><\/div>\n\n<\/div><\/div><\/div><\/div>\n\n<\/div><\/div>\n\n<style>.kadence-column_018c73-7d > .kt-inside-inner-col{padding-top:80px;padding-right:80px;padding-bottom:80px;padding-left:80px;}.kadence-column_018c73-7d > .kt-inside-inner-col,.kadence-column_018c73-7d > .kt-inside-inner-col:before{border-top-left-radius:0px;border-top-right-radius:0px;border-bottom-right-radius:0px;border-bottom-left-radius:0px;}.kadence-column_018c73-7d > .kt-inside-inner-col{background-image:url('https:\/\/scullys.eu\/wp-content\/uploads\/2022\/09\/All-Natural-scaled.jpeg');background-size:cover;background-position:center center;background-attachment:scroll;background-repeat:no-repeat;}.kadence-column_018c73-7d > .kt-inside-inner-col:before{opacity:0.7;background-color:var(--paletteColor6, #404040);}.kadence-column_018c73-7d{position:relative;}@media all and (max-width: 767px){.kadence-column_018c73-7d > .kt-inside-inner-col{padding-top:20px;padding-right:20px;padding-bottom:20px;padding-left:20px;}}<\/style>\n<div class=\"wp-block-kadence-column kadence-column_018c73-7d kb-section-has-overlay inner-column-1\"><div class=\"kt-inside-inner-col\">\n<h2 class=\"has-text-align-center has-palette-color-8-color has-text-color wp-block-heading\">Enti\u00e8rement naturel<\/h2>\n\n\n\n<p class=\"has-text-align-center has-palette-color-8-color has-text-color\">Depuis sa cr\u00e9ation, SCULLYS adh\u00e8re \u00e0 l&rsquo;id\u00e9e d&rsquo;obtenir les ingr\u00e9dients les plus naturels et les plus purs de la nature, qui sont utilis\u00e9s non seulement dans les produits de beaut\u00e9 et de soins de la peau, mais aussi dans les produits de notre collection HOME.<\/p>\n\n\n\n<div class=\"wp-block-buttons is-content-justification-center is-layout-flex wp-container-core-buttons-is-layout-a89b3969 wp-block-buttons-is-layout-flex\">\n<div class=\"wp-block-button has-custom-font-size has-medium-font-size\"><a class=\"wp-block-button__link has-palette-color-2-color has-palette-color-8-background-color has-text-color has-background wp-element-button\" href=\"https:\/\/scullys.eu\/fr\/entierement-naturel\/\">Plus d&rsquo;informations<\/a><\/div>\n<\/div>\n<\/div><\/div>\n\n\n\n<div style=\"height:32px\" aria-hidden=\"true\" class=\"wp-block-spacer\"><\/div>\n","protected":false},"excerpt":{"rendered":"<p>Notre histoire 1992 a \u00e9t\u00e9 le d\u00e9but. 30 ans plus tard, SCULLYS est devenu un nom connu de tous. Judy et Gerry Scully ont \u00e9t\u00e9 inspir\u00e9s par les champs de lavande \u00e0 l&rsquo;\u00e9tranger et ont d\u00e9cid\u00e9 de transformer l&rsquo;inspiration en r\u00e9alit\u00e9. Les champs de bleu sont vite devenus le paysage de leur propri\u00e9t\u00e9 rurale situ\u00e9e [&hellip;]<\/p>\n","protected":false},"author":1,"featured_media":0,"parent":0,"menu_order":0,"comment_status":"closed","ping_status":"closed","template":"","meta":{"_acf_changed":false,"_kad_blocks_custom_css":"","_kad_blocks_head_custom_js":"","_kad_blocks_body_custom_js":"","_kad_blocks_footer_custom_js":"","footnotes":""},"class_list":["post-4558","page","type-page","status-publish","hentry"],"blocksy_meta":{"styles_descriptor":{"styles":{"desktop":"","tablet":"","mobile":""},"google_fonts":[],"version":5}},"acf":[],"taxonomy_info":[],"featured_image_src_large":false,"author_info":{"display_name":"","author_link":"https:\/\/scullys.eu\/fr\/author\/"},"comment_info":0,"_links":{"self":[{"href":"https:\/\/scullys.eu\/fr\/wp-json\/wp\/v2\/pages\/4558","targetHints":{"allow":["GET"]}}],"collection":[{"href":"https:\/\/scullys.eu\/fr\/wp-json\/wp\/v2\/pages"}],"about":[{"href":"https:\/\/scullys.eu\/fr\/wp-json\/wp\/v2\/types\/page"}],"author":[{"embeddable":true,"href":"https:\/\/scullys.eu\/fr\/wp-json\/wp\/v2\/users\/1"}],"replies":[{"embeddable":true,"href":"https:\/\/scullys.eu\/fr\/wp-json\/wp\/v2\/comments?post=4558"}],"version-history":[{"count":0,"href":"https:\/\/scullys.eu\/fr\/wp-json\/wp\/v2\/pages\/4558\/revisions"}],"wp:attachment":[{"href":"https:\/\/scullys.eu\/fr\/wp-json\/wp\/v2\/media?parent=4558"}],"curies":[{"name":"wp","href":"https:\/\/api.w.org\/{rel}","templated":true}]}}